{"id":10785,"date":"2019-11-15T12:41:05","date_gmt":"2019-11-15T11:41:05","guid":{"rendered":"http:\/\/www.locusgis.com\/?page_id=10785"},"modified":"2020-05-07T11:18:41","modified_gmt":"2020-05-07T10:18:41","slug":"subscription","status":"publish","type":"page","link":"https:\/\/www.locusgis.com\/cz\/predplatne\/","title":{"rendered":"P\u0159edplatn\u00e9"},"content":{"rendered":"<p>Locus GIS p\u0159edplatn\u00e9 &#8211; ceny, rozd\u00edly<\/p>","protected":false},"excerpt":{"rendered":"<p>Locus GIS p\u0159edplatn\u00e9 &#8211; ceny, rozd\u00edly<\/p>\n","protected":false},"author":2,"featured_media":0,"parent":0,"menu_order":0,"comment_status":"open","ping_status":"open","template":"download.php","meta":[],"yoast_head":"<!-- This site is optimized with the Yoast SEO plugin v19.6.1 - https:\/\/yoast.com\/wordpress\/plugins\/seo\/ -->\n<title>Locus GIS subscriptions<\/title>\n<meta name=\"robots\" content=\"index, follow, max-snippet:-1, max-image-preview:large, max-video-preview:-1\" \/>\n<link rel=\"canonical\" href=\"http:\/\/www.locusgis.com\/subscription\/\" \/>\n<meta property=\"og:locale\" content=\"cs_CZ\" \/>\n<meta property=\"og:type\" content=\"article\" \/>\n<meta property=\"og:title\" content=\"Locus GIS subscriptions\" \/>\n<meta property=\"og:description\" content=\"Locus GIS p\u0159edplatn\u00e9 &#8211; ceny, rozd\u00edly\" \/>\n<meta property=\"og:url\" content=\"http:\/\/www.locusgis.com\/subscription\/\" \/>\n<meta property=\"og:site_name\" content=\"Locus GIS\" \/>\n<meta property=\"article:publisher\" content=\"https:\/\/www.facebook.com\/locusgis\" \/>\n<meta property=\"article:modified_time\" content=\"2020-05-07T10:18:41+00:00\" \/>\n<meta name=\"twitter:card\" content=\"summary\" \/>\n<meta name=\"twitter:site\" content=\"@locusgis\" \/>\n<script type=\"application\/ld+json\" class=\"yoast-schema-graph\">{\"@context\":\"https:\/\/schema.org\",\"@graph\":[{\"@type\":\"WebPage\",\"@id\":\"http:\/\/www.locusgis.com\/subscription\/\",\"url\":\"http:\/\/www.locusgis.com\/subscription\/\",\"name\":\"Locus GIS subscriptions\",\"isPartOf\":{\"@id\":\"http:\/\/www.locusgis.com\/#website\"},\"datePublished\":\"2019-11-15T11:41:05+00:00\",\"dateModified\":\"2020-05-07T10:18:41+00:00\",\"breadcrumb\":{\"@id\":\"http:\/\/www.locusgis.com\/subscription\/#breadcrumb\"},\"inLanguage\":\"cs\",\"potentialAction\":[{\"@type\":\"ReadAction\",\"target\":[\"http:\/\/www.locusgis.com\/subscription\/\"]}]},{\"@type\":\"BreadcrumbList\",\"@id\":\"http:\/\/www.locusgis.com\/subscription\/#breadcrumb\",\"itemListElement\":[{\"@type\":\"ListItem\",\"position\":1,\"name\":\"Home\",\"item\":\"http:\/\/www.locusgis.com\/\"},{\"@type\":\"ListItem\",\"position\":2,\"name\":\"Subscription\"}]},{\"@type\":\"WebSite\",\"@id\":\"http:\/\/www.locusgis.com\/#website\",\"url\":\"http:\/\/www.locusgis.com\/\",\"name\":\"Locus GIS\",\"description\":\"Online a offline mapy\",\"publisher\":{\"@id\":\"http:\/\/www.locusgis.com\/#organization\"},\"potentialAction\":[{\"@type\":\"SearchAction\",\"target\":{\"@type\":\"EntryPoint\",\"urlTemplate\":\"http:\/\/www.locusgis.com\/?s={search_term_string}\"},\"query-input\":\"required name=search_term_string\"}],\"inLanguage\":\"cs\"},{\"@type\":\"Organization\",\"@id\":\"http:\/\/www.locusgis.com\/#organization\",\"name\":\"Asamm Software\",\"url\":\"http:\/\/www.locusgis.com\/\",\"sameAs\":[\"https:\/\/www.linkedin.com\/company\/asamm-software-s-r-o-\",\"https:\/\/www.facebook.com\/locusgis\",\"https:\/\/twitter.com\/locusgis\"],\"logo\":{\"@type\":\"ImageObject\",\"inLanguage\":\"cs\",\"@id\":\"http:\/\/www.locusgis.com\/#\/schema\/logo\/image\/\",\"url\":\"https:\/\/www.locusgis.com\/wp-content\/uploads\/logo_wide_800.png\",\"contentUrl\":\"https:\/\/www.locusgis.com\/wp-content\/uploads\/logo_wide_800.png\",\"width\":800,\"height\":175,\"caption\":\"Asamm Software\"},\"image\":{\"@id\":\"http:\/\/www.locusgis.com\/#\/schema\/logo\/image\/\"}}]}<\/script>\n<!-- \/ Yoast SEO plugin. -->","yoast_head_json":{"title":"Locus GIS subscriptions","robots":{"index":"index","follow":"follow","max-snippet":"max-snippet:-1","max-image-preview":"max-image-preview:large","max-video-preview":"max-video-preview:-1"},"canonical":"http:\/\/www.locusgis.com\/subscription\/","og_locale":"cs_CZ","og_type":"article","og_title":"Locus GIS subscriptions","og_description":"Locus GIS p\u0159edplatn\u00e9 &#8211; ceny, rozd\u00edly","og_url":"http:\/\/www.locusgis.com\/subscription\/","og_site_name":"Locus GIS","article_publisher":"https:\/\/www.facebook.com\/locusgis","article_modified_time":"2020-05-07T10:18:41+00:00","twitter_card":"summary","twitter_site":"@locusgis","schema":{"@context":"https:\/\/schema.org","@graph":[{"@type":"WebPage","@id":"http:\/\/www.locusgis.com\/subscription\/","url":"http:\/\/www.locusgis.com\/subscription\/","name":"Locus GIS subscriptions","isPartOf":{"@id":"http:\/\/www.locusgis.com\/#website"},"datePublished":"2019-11-15T11:41:05+00:00","dateModified":"2020-05-07T10:18:41+00:00","breadcrumb":{"@id":"http:\/\/www.locusgis.com\/subscription\/#breadcrumb"},"inLanguage":"cs","potentialAction":[{"@type":"ReadAction","target":["http:\/\/www.locusgis.com\/subscription\/"]}]},{"@type":"BreadcrumbList","@id":"http:\/\/www.locusgis.com\/subscription\/#breadcrumb","itemListElement":[{"@type":"ListItem","position":1,"name":"Home","item":"http:\/\/www.locusgis.com\/"},{"@type":"ListItem","position":2,"name":"Subscription"}]},{"@type":"WebSite","@id":"http:\/\/www.locusgis.com\/#website","url":"http:\/\/www.locusgis.com\/","name":"Locus GIS","description":"Online a offline mapy","publisher":{"@id":"http:\/\/www.locusgis.com\/#organization"},"potentialAction":[{"@type":"SearchAction","target":{"@type":"EntryPoint","urlTemplate":"http:\/\/www.locusgis.com\/?s={search_term_string}"},"query-input":"required name=search_term_string"}],"inLanguage":"cs"},{"@type":"Organization","@id":"http:\/\/www.locusgis.com\/#organization","name":"Asamm Software","url":"http:\/\/www.locusgis.com\/","sameAs":["https:\/\/www.linkedin.com\/company\/asamm-software-s-r-o-","https:\/\/www.facebook.com\/locusgis","https:\/\/twitter.com\/locusgis"],"logo":{"@type":"ImageObject","inLanguage":"cs","@id":"http:\/\/www.locusgis.com\/#\/schema\/logo\/image\/","url":"https:\/\/www.locusgis.com\/wp-content\/uploads\/logo_wide_800.png","contentUrl":"https:\/\/www.locusgis.com\/wp-content\/uploads\/logo_wide_800.png","width":800,"height":175,"caption":"Asamm Software"},"image":{"@id":"http:\/\/www.locusgis.com\/#\/schema\/logo\/image\/"}}]}},"_links":{"self":[{"href":"https:\/\/www.locusgis.com\/cz\/wp-json\/wp\/v2\/pages\/10785"}],"collection":[{"href":"https:\/\/www.locusgis.com\/cz\/wp-json\/wp\/v2\/pages"}],"about":[{"href":"https:\/\/www.locusgis.com\/cz\/wp-json\/wp\/v2\/types\/page"}],"author":[{"embeddable":true,"href":"https:\/\/www.locusgis.com\/cz\/wp-json\/wp\/v2\/users\/2"}],"replies":[{"embeddable":true,"href":"https:\/\/www.locusgis.com\/cz\/wp-json\/wp\/v2\/comments?post=10785"}],"version-history":[{"count":20,"href":"https:\/\/www.locusgis.com\/cz\/wp-json\/wp\/v2\/pages\/10785\/revisions"}],"predecessor-version":[{"id":10850,"href":"https:\/\/www.locusgis.com\/cz\/wp-json\/wp\/v2\/pages\/10785\/revisions\/10850"}],"wp:attachment":[{"href":"https:\/\/www.locusgis.com\/cz\/wp-json\/wp\/v2\/media?parent=10785"}],"curies":[{"name":"wp","href":"https:\/\/api.w.org\/{rel}","templated":true}]}}