{"id":10901,"date":"2021-03-19T11:56:30","date_gmt":"2021-03-19T10:56:30","guid":{"rendered":"http:\/\/www.locusgis.com\/?page_id=10901"},"modified":"2023-11-28T17:33:37","modified_gmt":"2023-11-28T16:33:37","slug":"privacy-policy","status":"publish","type":"page","link":"https:\/\/www.locusgis.com\/cz\/privacy-policy\/","title":{"rendered":"Z\u00e1sady zpracov\u00e1n\u00ed osobn\u00edch \u00fadaj\u016f"},"content":{"rendered":"<p><\/p>\n<p><span style=\"font-weight: 400;\">Tyto z\u00e1sady zpracov\u00e1n\u00ed osobn\u00edch \u00fadaj\u016f popisuj\u00ed v&nbsp;souladu s Na\u0159\u00edzen\u00edm Evropsk\u00e9ho Parlamentu a Rady (EU) 2016\/679 (d\u00e1le jen \u201e<\/span><b>GDPR<\/b><span style=\"font-weight: 400;\">\u201c) v\u0161echny relevantn\u00ed informace o zpracov\u00e1n\u00ed va\u0161ich osobn\u00edch \u00fadaj\u016f, jako subjektu t\u011bchto osobn\u00edch \u00fadaj\u016f v&nbsp;aplikaci Locus GIS a souvisej\u00edc\u00edch slu\u017eb\u00e1ch, v\u010detn\u011b webov\u00e9 platformy (spole\u010dn\u011b d\u00e1le jen \u201e<\/span><b>aplikace<\/b><span style=\"font-weight: 400;\">\u201c). Tyto z\u00e1sady zpracov\u00e1n\u00ed osobn\u00edch \u00fadaj\u016f se nevztahuj\u00ed na Locus GIS Helpdesk nab\u00edzen\u00fd jako samostatn\u00e1 slu\u017eba.<\/span><\/p>\n<h4>Kdo odpov\u00edd\u00e1 za zpracov\u00e1n\u00ed va\u0161ich \u00fadaj\u016f?<\/h4>\n<p><span style=\"font-weight: 400;\">Spr\u00e1vcem osobn\u00edch \u00fadaj\u016f je spole\u010dnost Asamm Software, s.r.o., I\u010c: 24225321, se s\u00eddlem Krhanick\u00e1 719\/25, Kam\u00fdk, 142 00 Praha 4, \u010cesk\u00e1 republika (d\u00e1le jen \u201e<\/span><b>Spr\u00e1vce<\/b><span style=\"font-weight: 400;\">\u201c nebo \u201e<\/span><b>my<\/b><span style=\"font-weight: 400;\">\u201c)<\/span><span style=\"font-weight: 400;\">.<\/span><\/p>\n<h4>Pro jak\u00e9 \u00fa\u010dely zpracov\u00e1v\u00e1me va\u0161e osobn\u00ed \u00fadaje?<\/h4>\n<p><span style=\"font-weight: 400;\">\u00da\u010delem zpracov\u00e1n\u00ed osobn\u00edch \u00fadaj\u016f je umo\u017enit v\u00e1m u\u017eit\u00ed aplikace a souvisej\u00edc\u00edch slu\u017eeb, \u00fadr\u017eba a zlep\u0161ov\u00e1n\u00ed funkc\u00ed aplikace, a tak\u00e9 komunikace s&nbsp;v\u00e1mi jako z\u00e1kazn\u00edkem Spr\u00e1vce.&nbsp;<\/span><\/p>\n<p><span style=\"font-weight: 400;\">Tyto \u00fadaje jsou nezbytn\u00e9 pro vytvo\u0159en\u00ed va\u0161eho u\u017eivatelsk\u00e9ho \u00fa\u010dtu, prost\u0159ednictv\u00edm kter\u00e9ho je v\u00e1m umo\u017en\u011bno vyu\u017eit\u00ed n\u011bkter\u00fdch funkc\u00ed aplikace.<\/span><\/p>\n<p><span style=\"font-weight: 400;\">K&nbsp;profilov\u00e1n\u00ed doch\u00e1z\u00ed pouze v&nbsp;r\u00e1mci u\u017e\u00edv\u00e1n\u00ed funkce Locus Store (zlep\u0161en\u00ed obchodn\u00edch nab\u00eddek na z\u00e1klad\u011b historie n\u00e1kup\u016f v&nbsp;Locus Store).<\/span><\/p>\n<h4>Jak\u00e9 osobn\u00ed \u00fadaje zpracov\u00e1v\u00e1me?<\/h4>\n<p>P\u0159i pou\u017e\u00edv\u00e1n\u00ed Aplikace shroma\u017e\u010fujeme a zpracov\u00e1v\u00e1me n\u011bkter\u00e9 nebo v\u0161echny n\u00e1sleduj\u00edc\u00ed \u00fadaje, kter\u00e9 n\u00e1m poskytnete p\u0159i registraci, kter\u00e9 se generuj\u00ed p\u0159i pou\u017e\u00edv\u00e1n\u00ed Aplikace nebo kter\u00e9 do Aplikace zad\u00e1te.<\/p>\n<p>Mezi povinn\u00e9 \u00fadaje pot\u0159ebn\u00e9 pro registraci va\u0161eho \u00fa\u010dtu v Aplikaci pat\u0159\u00ed jm\u00e9no nebo p\u0159ezd\u00edvka a e-mailov\u00e1 adresa. Tot\u00e9\u017e plat\u00ed pro p\u0159ihl\u00e1\u0161en\u00ed do Aplikace prost\u0159ednictv\u00edm slu\u017eeb t\u0159et\u00edch stran a soci\u00e1ln\u00edch s\u00edt\u00ed, jako je Google nebo Facebook.<\/p>\n<p>Vzhledem k tomu, \u017ee Aplikace m\u00e1 povahu mapov\u00e9ho a naviga\u010dn\u00edho softwaru, vyu\u017e\u00edv\u00e1 k ur\u010den\u00ed va\u0161\u00ed polohy \u00fadaje o poloze z va\u0161eho mobiln\u00edho za\u0159\u00edzen\u00ed.<\/p>\n<p>Pokud pou\u017e\u00edv\u00e1te p\u0159\u00edslu\u0161n\u00e9 funkce Aplikace, shroma\u017e\u010fujeme \u00fadaje o historii va\u0161ich n\u00e1kup\u016f proveden\u00fdch prost\u0159ednictv\u00edm Aplikace, zp\u016fsobech, jak\u00fdmi Aplikaci pou\u017e\u00edv\u00e1te, \u00fadaje o poloze a historii vyhled\u00e1v\u00e1n\u00ed.<\/p>\n<p>Pokud pou\u017e\u00edv\u00e1te p\u0159\u00edslu\u0161n\u00e9 funkce, m\u016f\u017eete do Aplikace nahr\u00e1vat tak\u00e9 multimedi\u00e1ln\u00ed obsah, nap\u0159\u00edklad sv\u00e9 fotografie na konkr\u00e9tn\u00edch m\u00edstech.<\/p>\n<p>Aplikace vyu\u017e\u00edv\u00e1 Firebase Analytics, analytick\u00fd software poskytovan\u00fd spole\u010dnost\u00ed Google, kter\u00fd analyzuje ur\u010dit\u00e9 \u00fadaje o za\u0159\u00edzen\u00edch a zp\u016fsobech, jak\u00fdmi u\u017eivatel Aplikaci pou\u017e\u00edv\u00e1. Tyto \u00fadaje se pou\u017e\u00edvaj\u00ed v\u00fdhradn\u011b pro analytick\u00e9 \u00fa\u010dely.<\/p>\n<p>Aplikace shroma\u017e\u010fuje \u00fadaje o poloze pro z\u00e1znam polygonu\/linie a nav\u00e1d\u011bn\u00ed na c\u00edl nebo pod\u00e9l linie, a to i kdy\u017e je aplikace spu\u0161t\u011bna na pozad\u00ed.<\/p>\n<p>Chcete-li pou\u017e\u00edvat n\u011bkter\u00e9 funkce, nap\u0159\u00edklad funkce souvisej\u00edc\u00ed se slu\u017ebou Cloud storage, budete po\u017e\u00e1d\u00e1ni o p\u0159ihl\u00e1\u0161en\u00ed ke slu\u017eb\u00e1m t\u0159et\u00edch stran. P\u0159ihl\u00e1\u0161en\u00ed prob\u00edh\u00e1 p\u0159\u00edmo v syst\u00e9mu t\u0159et\u00ed strany, v takov\u00e9m p\u0159\u00edpad\u011b zpracov\u00e1v\u00e1me prost\u0159ednictv\u00edm aplikace pouze ov\u011b\u0159ovac\u00ed identifik\u00e1tor z\u00edskan\u00fd z procesu p\u0159ihl\u00e1\u0161en\u00ed nebo va\u0161e u\u017eivatelsk\u00e9 jm\u00e9no a profilovou fotografii z dan\u00e9 slu\u017eby t\u0159et\u00ed strany za \u00fa\u010delem jejich zobrazen\u00ed v aplikaci.<\/p>\n<h4>Jak\u00fd je pr\u00e1vn\u00ed z\u00e1klad pro zpracov\u00e1n\u00ed va\u0161ich \u00fadaj\u016f?<\/h4>\n<p><span style=\"font-weight: 400;\">Zpracov\u00e1n\u00ed n\u011bkter\u00fdch va\u0161ich osobn\u00edch \u00fadaj\u016f je nezbytn\u00e9 pro pln\u011bn\u00ed licen\u010dn\u00ed smlouvy, kterou jste s&nbsp;n\u00e1mi uzav\u0159eli (d\u00e1le jen \u201e<\/span><b>Smlouva<\/b><span style=\"font-weight: 400;\">\u201c), zejm\u00e9na pro umo\u017en\u011bn\u00ed vyu\u017eit\u00ed p\u0159\u00edslu\u0161n\u00fdch funkc\u00ed aplikace v\u00e1mi. Takov\u00e9 zpracov\u00e1n\u00ed je v&nbsp;souladu s \u010dl\u00e1nku 6 odst. 1 p\u00edsm. b) GDPR.<\/span><\/p>\n<p><span style=\"font-weight: 400;\">\u010c\u00e1st va\u0161ich osobn\u00edch \u00fadaj\u016f t\u00fdkaj\u00edc\u00edch se analytick\u00fdch dat d\u00e1le zpracov\u00e1v\u00e1me dle \u010dl\u00e1nku 6 odst. 1 p\u00edsm. f) GDPR, tedy na z\u00e1klad\u011b opr\u00e1vn\u011bn\u00e9ho z\u00e1jmu Spr\u00e1vce vylep\u0161ovat a udr\u017eovat aplikaci, nebo pro p\u0159\u00edpadnou ochranu majetkov\u00fdch pr\u00e1v po spln\u011bn\u00ed Smlouvy a monetizaci aplikace prost\u0159ednictv\u00edm reklam.<\/span><\/p>\n<p><span style=\"font-weight: 400;\">Na z\u00e1klad\u011b v\u00fd\u0161e uveden\u00e9ho opr\u00e1vn\u011bn\u00e9ho z\u00e1jmu Spr\u00e1vce v\u00e1m bude Spr\u00e1vce p\u0159\u00edle\u017eitostn\u011b zas\u00edlat tzv. newsletter, aby v\u00e1s informoval o novink\u00e1ch v&nbsp;aplikaci.<\/span><\/p>\n<h4>Jak dlouho osobn\u00ed \u00fadaje uchov\u00e1v\u00e1me?<\/h4>\n<p><span style=\"font-weight: 400;\">V&nbsp;p\u0159\u00edpad\u011b \u00fadaj\u016f zpracov\u00e1van\u00fdch z&nbsp;d\u016fvodu nezbytnosti pln\u011bn\u00ed Smlouvy jsou tyto \u00fadaje zpracov\u00e1van\u00e9 nejd\u00e9le po dobu trv\u00e1n\u00ed Smlouvy, nen\u00ed-li n\u00ed\u017ee uvedeno jinak. Z\u00e1kladn\u00ed identifika\u010dn\u00ed \u00fadaje jsou d\u00e1le zpracov\u00e1v\u00e1ny po dobu t\u0159\u00ed let po ukon\u010den\u00ed Smlouvy, kter\u00e1 odpov\u00edd\u00e1 proml\u010dec\u00ed lh\u016ft\u011b majetkov\u00fdch pr\u00e1v ze Smlouvy.<\/span><\/p>\n<p><span style=\"font-weight: 400;\">Nepovinnou \u010d\u00e1st \u00fadaj\u016f m\u016f\u017eete kdykoliv zm\u011bnit, nap\u0159\u00edklad vymaz\u00e1n\u00edm vlo\u017een\u00e9 fotografie z&nbsp;aplikace. V&nbsp;takov\u00e9m p\u0159\u00edpad\u011b Spr\u00e1vce ukon\u010d\u00ed zpracov\u00e1n\u00ed t\u011bchto \u00fadaj\u016f nejpozd\u011bji do okam\u017eiku z\u00e1niku pravideln\u011b z\u00e1lohovan\u00fdch dat.<\/span><\/p>\n<p><span style=\"font-weight: 400;\">Ve\u0161ker\u00e9 osobn\u00ed \u00fadaje zpracov\u00e1van\u00e9 pro \u00fa\u010dely analytiky jsou zpracov\u00e1van\u00e9 pouze do okam\u017eiku vytvo\u0159en\u00ed statistick\u00fdch \u00fadaj\u016f, pot\u00e9 jsou automaticky odstran\u011bny. Spr\u00e1vce n\u00e1sledn\u011b analyzuje pouze souhrnn\u00e9, anonymizovan\u00e9 \u00fadaje.<\/span><\/p>\n<p><span style=\"font-weight: 400;\">Cookies jsou ukl\u00e1d\u00e1ny po dobu 30 dn\u016f po jejich ulo\u017een\u00ed ve va\u0161em za\u0159\u00edzen\u00ed.<\/span><\/p>\n<p><span style=\"font-weight: 400;\">Ostatn\u00ed v\u00fd\u0161e neuveden\u00e9 \u00fadaje zpracov\u00e1v\u00e1me nejd\u00e9le do doby, ne\u017e bude v\u00e1\u0161 u\u017eivatelsk\u00fd \u00fa\u010det smaz\u00e1n.<\/span><\/p>\n<h4>Komu va\u0161e \u00fadaje p\u0159ed\u00e1v\u00e1me?<\/h4>\n<p><span style=\"font-weight: 400;\">Pokud Spr\u00e1vce p\u0159ed\u00e1v\u00e1 osobn\u00ed \u00fadaje t\u0159et\u00edm osob\u00e1m, je to za \u00fa\u010delem pln\u011bn\u00ed n\u011bkter\u00e9ho z&nbsp;\u00fa\u010del\u016f uveden\u00fdch v\u00fd\u0161e, typicky pro zpracovatele osobn\u00edch \u00fadaj\u016f nebo jin\u00e9 spr\u00e1vce.Spr\u00e1vce vyu\u017e\u00edv\u00e1 pro dal\u0161\u00ed zpracov\u00e1n\u00ed va\u0161ich osobn\u00edch \u00fadaj\u016f slu\u017eby t\u0159et\u00edch stran i mimo \u00fazem\u00ed Evropsk\u00e9 unie, nap\u0159\u00edklad spole\u010dnost\u00ed Host Europe GmbH, DigitalOcean Inc., Google Inc. a Google Ireland Limited, poskytuj\u00edc\u00edch slu\u017eby nezbytn\u00e9 pro provoz aplikace, hosting serveru, p\u0159\u00edpadn\u011b analytick\u00e9 slu\u017eby a za v\u00fdlu\u010dn\u011b t\u00edmto \u00fa\u010delem jim pot\u0159ebn\u00e9 osobn\u00ed \u00fadaje p\u0159ed\u00e1v\u00e1.<\/span><\/p>\n<p><span style=\"font-weight: 400;\">Pro p\u0159ihla\u0161ov\u00e1n\u00ed do va\u0161eho u\u017eivatelsk\u00e9ho \u00fa\u010dtu v&nbsp;aplikaci a na webov\u00fdch str\u00e1nk\u00e1ch Spr\u00e1vce na adrese <\/span><span style=\"font-weight: 400;\"><a href=\"http:\/\/www.locusmap.eu\/live-tracking\/\">http:\/\/www.locusgis.c<\/a>om<\/span><span style=\"font-weight: 400;\">&nbsp;(d\u00e1le jen \u201e<\/span><b>Str\u00e1nky<\/b><span style=\"font-weight: 400;\">\u201c)vyu\u017e\u00edv\u00e1 Spr\u00e1vce slu\u017eby Firebase Authentication od spole\u010dnosti Google<\/span> <span style=\"font-weight: 400;\">Ireland Limited, kter\u00e1 pro va\u0161i identifikaci nap\u0159\u00ed\u010d r\u016fzn\u00fdmi slu\u017ebami Spr\u00e1vce a t\u0159et\u00edch stran vyu\u017e\u00edv\u00e1 unik\u00e1tn\u00ed identifik\u00e1tor (ID token) obsahuj\u00edc\u00ed va\u0161e z\u00e1kladn\u00ed identifika\u010dn\u00ed \u00fadaje, zejm\u00e9na jm\u00e9no, p\u0159\u00edjmen\u00ed, emailovou adresu, IP adresu, a p\u0159\u00edpadnou profilovou fotografii. Pro tento \u00fa\u010del uchov\u00e1v\u00e1me va\u0161i IP adresu po dobu n\u011bkolika t\u00fddn\u016f po p\u0159ihl\u00e1\u0161en\u00ed a ostatn\u00ed uveden\u00e9 \u00fadaje do doby, kdy bude v\u00e1\u0161 u\u017eivatelsk\u00fd \u00fa\u010det pou\u017e\u00edvan\u00fd v&nbsp;aplikaci zcela odstran\u011bn, a pot\u00e9 po dobu 180 dn\u016f v&nbsp;r\u00e1mci dob\u00edhaj\u00edc\u00ed z\u00e1lohy dat na na\u0161ich serverech.<\/span><\/p>\n<p><span style=\"font-weight: 400;\">V&nbsp;p\u0159\u00edpad\u011b, \u017ee m\u00e1te v&nbsp;aplikaci nastavenou funkci hl\u00e1\u0161en\u00ed incident\u016f, jsou va\u0161e lokaliza\u010dn\u00ed \u00fadaje a p\u0159\u00edpadn\u011b biometrick\u00e9 \u00fadaje p\u0159ed\u00e1v\u00e1ny kontaktn\u00edm \u00fadaj\u016fm, kter\u00e9 v&nbsp;aplikaci ur\u010d\u00edte.<\/span><\/p>\n<p><span style=\"font-weight: 400;\">K&nbsp;p\u0159ed\u00e1n\u00ed \u00fadaj\u016f doch\u00e1z\u00ed tak\u00e9 na z\u00e1klad\u011b va\u0161eho souhlasu a pokynu, kter\u00fd n\u00e1m ud\u011blujete vyu\u017eit\u00edm p\u0159\u00edslu\u0161n\u00e9 funkce sd\u00edlen\u00ed vybran\u00fdch \u00fadaj\u016f s&nbsp;t\u0159et\u00edmi stranami. O t\u00e9to skute\u010dnosti jste v&nbsp;aplikaci z\u0159eteln\u011b informov\u00e1ni. Spr\u00e1vce nenese odpov\u011bdnost za zpracov\u00e1n\u00ed prov\u00e1d\u011bn\u00e9 p\u0159\u00edjemcem t\u011bchto \u00fadaj\u016f, kter\u00e9ho si zvol\u00edte, v&nbsp;d\u016fsledku absence rozhodnut\u00ed o odpov\u00eddaj\u00edc\u00ed ochran\u011b a vhodn\u00fdch z\u00e1ruk ve smyslu GDPR je takov\u00e9 p\u0159ed\u00e1n\u00ed rizikov\u00e9 a nemus\u00ed poskytovat dostate\u010dnou ochranu va\u0161im osobn\u00edm \u00fadaj\u016fm. Pokud si zvol\u00edte export va\u0161ich dat p\u0159\u00edjemci z&nbsp;t\u0159et\u00ed zem\u011b mimo \u00fazem\u00ed Evropsk\u00e9ho hospod\u00e1\u0159sk\u00e9ho prostoru, budete po\u017e\u00e1d\u00e1n\u00ed o v\u00fdslovn\u00fd souhlas p\u0159ed takov\u00fdm p\u0159ed\u00e1n\u00edm.<\/span><\/p>\n<h4>Jak\u00e1 m\u00e1te pr\u00e1va?<\/h4>\n<p><span style=\"font-weight: 400;\">Dle GDPR m\u00e1te pr\u00e1vo:<\/span><\/p>\n<ul>\n<li style=\"font-weight: 400;\"><span style=\"font-weight: 400;\">po\u017eadovat od Spr\u00e1vce p\u0159\u00edstup k osobn\u00edm \u00fadaj\u016fm dle \u010dl\u00e1nku 15 GDPR<\/span><\/li>\n<li style=\"font-weight: 400;\"><span style=\"font-weight: 400;\">na opravu osobn\u00edch \u00fadaj\u016f dle \u010dl\u00e1nku 16 GDPR<\/span><\/li>\n<li style=\"font-weight: 400;\"><span style=\"font-weight: 400;\">na v\u00fdmaz protipr\u00e1vn\u011b zpracov\u00e1van\u00fdch osobn\u00edch \u00fadaj\u016f dle \u010dl\u00e1nku 17 GDPR<\/span><\/li>\n<li style=\"font-weight: 400;\"><span style=\"font-weight: 400;\">na omezen\u00ed zpracov\u00e1n\u00ed osobn\u00edch \u00fadaj\u016f za podm\u00ednek uveden\u00fdch v \u010dl\u00e1nku 18 GDPR&nbsp;<\/span><\/li>\n<li style=\"font-weight: 400;\"><span style=\"font-weight: 400;\">na p\u0159enositelnost osobn\u00edch \u00fadaj\u016f dle \u010dl\u00e1nku 20 GDPR<\/span><\/li>\n<li style=\"font-weight: 400;\"><span style=\"font-weight: 400;\">vzn\u00e9st n\u00e1mitku proti zpracov\u00e1n\u00ed osobn\u00edch \u00fadaj\u016f dle \u010dl\u00e1nku 21 GDPR<\/span><\/li>\n<\/ul>\n<p><span style=\"font-weight: 400;\">Spr\u00e1vce v\u00e1s t\u00edmto informuje, \u017ee k automatick\u00e9mu rozhodov\u00e1n\u00ed na z\u00e1klad\u011b v\u00fd\u0161e uveden\u00fdch osobn\u00edch \u00fadaj\u016f ve smyslu GDPR doch\u00e1zet nebude.&nbsp;<\/span><\/p>\n<p><span style=\"font-weight: 400;\">M\u00e1te rovn\u011b\u017e pr\u00e1vo kdykoliv vzn\u00e9st n\u00e1mitku proti zpracov\u00e1n\u00ed osobn\u00edch \u00fadaj\u016f, v\u010detn\u011b p\u0159\u00edpadn\u00e9ho profilov\u00e1n\u00ed, z d\u016fvod\u016f t\u00fdkaj\u00edc\u00edch se va\u0161\u00ed konkr\u00e9tn\u00ed situace. Pr\u00e1vo kdykoliv vzn\u00e9st n\u00e1mitku z d\u016fvod\u016f t\u00fdkaj\u00edc\u00edch se va\u0161\u00ed konkr\u00e9tn\u00ed situace v\u00e1m n\u00e1le\u017e\u00ed i v&nbsp;p\u0159\u00edpad\u011b zpracov\u00e1n\u00ed osobn\u00edch \u00fadaj\u016f pro \u00fa\u010dely p\u0159\u00edm\u00e9ho marketingu, v\u010detn\u011b p\u0159\u00edpadn\u00e9ho profilov\u00e1n\u00ed s&nbsp;t\u00edm souvisej\u00edc\u00edho.<\/span><\/p>\n<p><span style=\"font-weight: 400;\">Pokud zpracov\u00e1n\u00ed va\u0161ich osobn\u00edch \u00fadaj\u016f poru\u0161uje n\u011bkter\u00e9 ustanoven\u00ed GDPR, m\u016f\u017eete se obr\u00e1tit na Spr\u00e1vce za \u00fa\u010delem sjedn\u00e1n\u00ed n\u00e1pravy. D\u00e1le m\u00e1te mo\u017enost obr\u00e1tit se na kontroln\u00ed org\u00e1n, kter\u00fdm je \u00da\u0159ad pro ochranu osobn\u00edch \u00fadaj\u016f, se s\u00eddlem Pplk. Sochora 27, 170 00 Praha 7.<\/span><\/p>\n<p><span style=\"font-weight: 400;\">Tyto z\u00e1sady m\u016f\u017ee spr\u00e1vce v&nbsp;p\u0159\u00edpad\u011b pot\u0159eby pr\u016fb\u011b\u017en\u011b aktualizovat. Pros\u00edm v\u011bnujte pozornost jejich aktu\u00e1ln\u00edmu zn\u011bn\u00ed, kter\u00e9 naleznete v\u017edy na odkazu <\/span><a href=\"http:\/\/www.locusgis.com\/privacy-policy\/\"><span style=\"font-weight: 400;\">ZDE<\/span><\/a><span style=\"font-weight: 400;\">. O aktualizac\u00edch t\u011bchto z\u00e1sad v\u00e1s budeme informovat zasl\u00e1n\u00edm zpr\u00e1vy na emailovou adresu, kterou uvedete p\u0159i registraci va\u0161eho u\u017eivatelsk\u00e9ho \u00fa\u010dtu v&nbsp;aplikaci nebo notifikacemi v r\u00e1mci aplikace.&nbsp;<\/span><\/p>\n<h4>Jak po\u017e\u00e1dat o vymaz\u00e1n\u00ed osobn\u00edch \u00fadaj\u016f?<\/h4>\n<p>O vymaz\u00e1n\u00ed v\u0161ech sv\u00fdch osobn\u00edch \u00fadaj\u016f v\u010detn\u011b \u00fa\u010dtu m\u016f\u017eete po\u017e\u00e1dat zasl\u00e1n\u00edm \u017e\u00e1dosti na adresu <a href=\"mailto:help@locusgis.com\">help@locusgis.com<\/a>.<\/p>\n<p>Po pod\u00e1n\u00ed \u017e\u00e1dosti o vymaz\u00e1n\u00ed va\u0161e osobn\u00ed \u00fadaje z na\u0161ich syst\u00e9m\u016f trvale a nevratn\u011b odstran\u00edme. \u00dadaje ulo\u017een\u00e9 ve va\u0161em za\u0159\u00edzen\u00ed budou odstran\u011bny bu\u010f odinstalov\u00e1n\u00edm aplikace, nebo smaz\u00e1n\u00edm pracovn\u00edho adres\u00e1\u0159e aplikace Locus GIS. Po vymaz\u00e1n\u00ed nelze va\u0161e data, ulo\u017een\u00e1 pod \u00fa\u010dtem, obnovit.<br \/>\n<\/p>","protected":false},"excerpt":{"rendered":"<p>Tyto z\u00e1sady zpracov\u00e1n\u00ed osobn\u00edch \u00fadaj\u016f popisuj\u00ed v&nbsp;souladu s Na\u0159\u00edzen\u00edm Evropsk\u00e9ho Parlamentu a Rady (EU) 2016\/679 (d\u00e1le [&hellip;]<\/p>\n","protected":false},"author":2,"featured_media":0,"parent":0,"menu_order":0,"comment_status":"open","ping_status":"open","template":"text-page.php","meta":[],"yoast_head":"<!-- This site is optimized with the Yoast SEO plugin v19.6.1 - https:\/\/yoast.com\/wordpress\/plugins\/seo\/ -->\n<title>Privacy Policy Grunds\u00e4tze der Verarbeitung personenbezogener DatenZ\u00e1sady zpracov\u00e1n\u00ed osobn\u00edch \u00fadaj\u016f - Locus GIS<\/title>\n<meta name=\"robots\" content=\"index, follow, max-snippet:-1, max-image-preview:large, max-video-preview:-1\" \/>\n<link rel=\"canonical\" href=\"http:\/\/www.locusgis.com\/privacy-policy\/\" \/>\n<meta property=\"og:locale\" content=\"cs_CZ\" \/>\n<meta property=\"og:type\" content=\"article\" \/>\n<meta property=\"og:title\" content=\"Privacy Policy Grunds\u00e4tze der Verarbeitung personenbezogener DatenZ\u00e1sady zpracov\u00e1n\u00ed osobn\u00edch \u00fadaj\u016f - Locus GIS\" \/>\n<meta property=\"og:description\" content=\"Tyto z\u00e1sady zpracov\u00e1n\u00ed osobn\u00edch \u00fadaj\u016f popisuj\u00ed v&nbsp;souladu s Na\u0159\u00edzen\u00edm Evropsk\u00e9ho Parlamentu a Rady (EU) 2016\/679 (d\u00e1le [&hellip;]\" \/>\n<meta property=\"og:url\" content=\"http:\/\/www.locusgis.com\/privacy-policy\/\" \/>\n<meta property=\"og:site_name\" content=\"Locus GIS\" \/>\n<meta property=\"article:publisher\" content=\"https:\/\/www.facebook.com\/locusgis\" \/>\n<meta property=\"article:modified_time\" content=\"2023-11-28T16:33:37+00:00\" \/>\n<meta name=\"twitter:card\" content=\"summary\" \/>\n<meta name=\"twitter:site\" content=\"@locusgis\" \/>\n<meta name=\"twitter:label1\" content=\"Odhadovan\u00e1 doba \u010dten\u00ed\" \/>\n\t<meta name=\"twitter:data1\" content=\"19 minut\" \/>\n<script type=\"application\/ld+json\" class=\"yoast-schema-graph\">{\"@context\":\"https:\/\/schema.org\",\"@graph\":[{\"@type\":\"WebPage\",\"@id\":\"http:\/\/www.locusgis.com\/privacy-policy\/\",\"url\":\"http:\/\/www.locusgis.com\/privacy-policy\/\",\"name\":\"Privacy Policy Grunds\u00e4tze der Verarbeitung personenbezogener DatenZ\u00e1sady zpracov\u00e1n\u00ed osobn\u00edch \u00fadaj\u016f - Locus GIS\",\"isPartOf\":{\"@id\":\"http:\/\/www.locusgis.com\/#website\"},\"datePublished\":\"2021-03-19T10:56:30+00:00\",\"dateModified\":\"2023-11-28T16:33:37+00:00\",\"breadcrumb\":{\"@id\":\"http:\/\/www.locusgis.com\/privacy-policy\/#breadcrumb\"},\"inLanguage\":\"cs\",\"potentialAction\":[{\"@type\":\"ReadAction\",\"target\":[\"http:\/\/www.locusgis.com\/privacy-policy\/\"]}]},{\"@type\":\"BreadcrumbList\",\"@id\":\"http:\/\/www.locusgis.com\/privacy-policy\/#breadcrumb\",\"itemListElement\":[{\"@type\":\"ListItem\",\"position\":1,\"name\":\"Home\",\"item\":\"http:\/\/www.locusgis.com\/\"},{\"@type\":\"ListItem\",\"position\":2,\"name\":\"Privacy Policy\"}]},{\"@type\":\"WebSite\",\"@id\":\"http:\/\/www.locusgis.com\/#website\",\"url\":\"http:\/\/www.locusgis.com\/\",\"name\":\"Locus GIS\",\"description\":\"Online a offline mapy\",\"publisher\":{\"@id\":\"http:\/\/www.locusgis.com\/#organization\"},\"potentialAction\":[{\"@type\":\"SearchAction\",\"target\":{\"@type\":\"EntryPoint\",\"urlTemplate\":\"http:\/\/www.locusgis.com\/?s={search_term_string}\"},\"query-input\":\"required name=search_term_string\"}],\"inLanguage\":\"cs\"},{\"@type\":\"Organization\",\"@id\":\"http:\/\/www.locusgis.com\/#organization\",\"name\":\"Asamm Software\",\"url\":\"http:\/\/www.locusgis.com\/\",\"sameAs\":[\"https:\/\/www.linkedin.com\/company\/asamm-software-s-r-o-\",\"https:\/\/www.facebook.com\/locusgis\",\"https:\/\/twitter.com\/locusgis\"],\"logo\":{\"@type\":\"ImageObject\",\"inLanguage\":\"cs\",\"@id\":\"http:\/\/www.locusgis.com\/#\/schema\/logo\/image\/\",\"url\":\"https:\/\/www.locusgis.com\/wp-content\/uploads\/logo_wide_800.png\",\"contentUrl\":\"https:\/\/www.locusgis.com\/wp-content\/uploads\/logo_wide_800.png\",\"width\":800,\"height\":175,\"caption\":\"Asamm Software\"},\"image\":{\"@id\":\"http:\/\/www.locusgis.com\/#\/schema\/logo\/image\/\"}}]}<\/script>\n<!-- \/ Yoast SEO plugin. -->","yoast_head_json":{"title":"Privacy Policy Grunds\u00e4tze der Verarbeitung personenbezogener DatenZ\u00e1sady zpracov\u00e1n\u00ed osobn\u00edch \u00fadaj\u016f - Locus GIS","robots":{"index":"index","follow":"follow","max-snippet":"max-snippet:-1","max-image-preview":"max-image-preview:large","max-video-preview":"max-video-preview:-1"},"canonical":"http:\/\/www.locusgis.com\/privacy-policy\/","og_locale":"cs_CZ","og_type":"article","og_title":"Privacy Policy Grunds\u00e4tze der Verarbeitung personenbezogener DatenZ\u00e1sady zpracov\u00e1n\u00ed osobn\u00edch \u00fadaj\u016f - Locus GIS","og_description":"Tyto z\u00e1sady zpracov\u00e1n\u00ed osobn\u00edch \u00fadaj\u016f popisuj\u00ed v&nbsp;souladu s Na\u0159\u00edzen\u00edm Evropsk\u00e9ho Parlamentu a Rady (EU) 2016\/679 (d\u00e1le [&hellip;]","og_url":"http:\/\/www.locusgis.com\/privacy-policy\/","og_site_name":"Locus GIS","article_publisher":"https:\/\/www.facebook.com\/locusgis","article_modified_time":"2023-11-28T16:33:37+00:00","twitter_card":"summary","twitter_site":"@locusgis","twitter_misc":{"Odhadovan\u00e1 doba \u010dten\u00ed":"19 minut"},"schema":{"@context":"https:\/\/schema.org","@graph":[{"@type":"WebPage","@id":"http:\/\/www.locusgis.com\/privacy-policy\/","url":"http:\/\/www.locusgis.com\/privacy-policy\/","name":"Privacy Policy Grunds\u00e4tze der Verarbeitung personenbezogener DatenZ\u00e1sady zpracov\u00e1n\u00ed osobn\u00edch \u00fadaj\u016f - Locus GIS","isPartOf":{"@id":"http:\/\/www.locusgis.com\/#website"},"datePublished":"2021-03-19T10:56:30+00:00","dateModified":"2023-11-28T16:33:37+00:00","breadcrumb":{"@id":"http:\/\/www.locusgis.com\/privacy-policy\/#breadcrumb"},"inLanguage":"cs","potentialAction":[{"@type":"ReadAction","target":["http:\/\/www.locusgis.com\/privacy-policy\/"]}]},{"@type":"BreadcrumbList","@id":"http:\/\/www.locusgis.com\/privacy-policy\/#breadcrumb","itemListElement":[{"@type":"ListItem","position":1,"name":"Home","item":"http:\/\/www.locusgis.com\/"},{"@type":"ListItem","position":2,"name":"Privacy Policy"}]},{"@type":"WebSite","@id":"http:\/\/www.locusgis.com\/#website","url":"http:\/\/www.locusgis.com\/","name":"Locus GIS","description":"Online a offline mapy","publisher":{"@id":"http:\/\/www.locusgis.com\/#organization"},"potentialAction":[{"@type":"SearchAction","target":{"@type":"EntryPoint","urlTemplate":"http:\/\/www.locusgis.com\/?s={search_term_string}"},"query-input":"required name=search_term_string"}],"inLanguage":"cs"},{"@type":"Organization","@id":"http:\/\/www.locusgis.com\/#organization","name":"Asamm Software","url":"http:\/\/www.locusgis.com\/","sameAs":["https:\/\/www.linkedin.com\/company\/asamm-software-s-r-o-","https:\/\/www.facebook.com\/locusgis","https:\/\/twitter.com\/locusgis"],"logo":{"@type":"ImageObject","inLanguage":"cs","@id":"http:\/\/www.locusgis.com\/#\/schema\/logo\/image\/","url":"https:\/\/www.locusgis.com\/wp-content\/uploads\/logo_wide_800.png","contentUrl":"https:\/\/www.locusgis.com\/wp-content\/uploads\/logo_wide_800.png","width":800,"height":175,"caption":"Asamm Software"},"image":{"@id":"http:\/\/www.locusgis.com\/#\/schema\/logo\/image\/"}}]}},"_links":{"self":[{"href":"https:\/\/www.locusgis.com\/cz\/wp-json\/wp\/v2\/pages\/10901"}],"collection":[{"href":"https:\/\/www.locusgis.com\/cz\/wp-json\/wp\/v2\/pages"}],"about":[{"href":"https:\/\/www.locusgis.com\/cz\/wp-json\/wp\/v2\/types\/page"}],"author":[{"embeddable":true,"href":"https:\/\/www.locusgis.com\/cz\/wp-json\/wp\/v2\/users\/2"}],"replies":[{"embeddable":true,"href":"https:\/\/www.locusgis.com\/cz\/wp-json\/wp\/v2\/comments?post=10901"}],"version-history":[{"count":47,"href":"https:\/\/www.locusgis.com\/cz\/wp-json\/wp\/v2\/pages\/10901\/revisions"}],"predecessor-version":[{"id":11007,"href":"https:\/\/www.locusgis.com\/cz\/wp-json\/wp\/v2\/pages\/10901\/revisions\/11007"}],"wp:attachment":[{"href":"https:\/\/www.locusgis.com\/cz\/wp-json\/wp\/v2\/media?parent=10901"}],"curies":[{"name":"wp","href":"https:\/\/api.w.org\/{rel}","templated":true}]}}