{"id":10914,"date":"2021-04-01T07:45:18","date_gmt":"2021-04-01T06:45:18","guid":{"rendered":"http:\/\/www.locusgis.com\/?page_id=10914"},"modified":"2021-04-01T08:53:16","modified_gmt":"2021-04-01T07:53:16","slug":"eula","status":"publish","type":"page","link":"https:\/\/www.locusgis.com\/cz\/eula\/","title":{"rendered":"EULA"},"content":{"rendered":"<p><\/p>\n<p><p>Tato licen\u010dn\u00ed smlouva s koncov\u00fdm u\u017eivatelem (\u201cEULA\u201d nebo \u201esmlouva\u201c) p\u0159edstavuje z\u00e1vazn\u00e9 pr\u00e1vn\u00ed ujedn\u00e1n\u00ed mezi v\u00e1mi a spole\u010dnost\u00ed Asamm Software s.r.o., I\u010c: 24225321, se s\u00eddlem Krhanick\u00e1 719\/25, Kam\u00fdk, 142 00 Praha 4, \u010cesk\u00e1 republika (\u201cAsamm\u201d) ohledn\u011b u\u017e\u00edv\u00e1n\u00ed mobiln\u00ed aplikace a souvisej\u00edc\u00edch webov\u00fdch slu\u017eeb poskytovan\u00fdch spole\u010dnost\u00ed Asamm pod ozna\u010den\u00edm Locus GIS (d\u00e1le jen \u201eSoftwarov\u00fd Produkt\u201c).<\/p>\n<p>Za\u0161krtnut\u00edm p\u0159\u00edslu\u0161n\u00e9ho pol\u00ed\u010dka s\u00a0odsouhlasen\u00edm t\u011bchto EULA vyjad\u0159ujete sv\u016fj projev v\u016fle vstoupit s\u00a0Asamm do smluvn\u00edho vztahu popsan\u00e9ho v\u00a0tomto dokumentu, v\u00a0jeho st\u00e1vaj\u00edc\u00edm a p\u0159\u00edpadn\u011b pozd\u011bji aktualizovan\u00e9m zn\u011bn\u00ed, a zavazujete se podm\u00ednky EULA bezv\u00fdhradn\u011b dodr\u017eovat. Sou\u010dasn\u011b t\u00edm prohla\u0161ujete, \u017ee jste star\u0161\u00ed 16 let a nejste omezen\/a na sv\u00e9pr\u00e1vnosti.<\/p>\n<h2>Ud\u011blen\u00ed licence<\/h2>\n<p>Za podm\u00ednky uzav\u0159en\u00ed t\u00e9to smlouvy a jej\u00edho dodr\u017eov\u00e1n\u00ed V\u00e1m Asamm ud\u011bluje nev\u00fdhradn\u00ed, osobn\u00ed, \u010dasov\u011b omezenou, nep\u0159evoditelnou a teritori\u00e1ln\u011b neomezenou licenci k\u00a0u\u017eit\u00ed Softwarov\u00e9ho Produktu tak, jak jsou jeho funkce zam\u00fd\u0161leny, a to v\u00fdhradn\u011b pro va\u0161e soukrom\u00e9 \u00fa\u010dely a za podm\u00ednek uveden\u00fdch v t\u00e9to smlouv\u011b (d\u00e1le jen \u201eLicence\u201c). Pro odstran\u011bn\u00ed pochybnost\u00ed se sjedn\u00e1v\u00e1, \u017ee Licence zahrnuje nejen u\u017eit\u00ed jednotliv\u00fdch funkc\u00ed Softwarov\u00e9ho produktu v\u00a0souladu s\u00a0jejich zam\u00fd\u0161len\u00fdm funk\u010dn\u00edm \u00fa\u010delem, ale i prezentaci Softwarov\u00e9ho produktu nap\u0159. formou recenz\u00ed. Softwarov\u00fd Produkt nesm\u00edte u\u017e\u00edvat jin\u00fdm zp\u016fsobem, ne\u017e v\u00a0rozsahu ud\u011blen\u00e9 Licence dle t\u00e9to Smlouvy.<\/p>\n<p>Tato licence v\u00e1m neud\u011bluje \u017e\u00e1dn\u00e1 pr\u00e1va z\u00edskat v budoucnu dostupn\u00e9 aktualizace, inovace \u010di dopl\u0148ky Softwarov\u00e9ho Produktu. Pokud v\u0161ak takov\u00e9 aktualizace, inovace nebo dopl\u0148ky Softwarov\u00e9ho Produktu z\u00edsk\u00e1te, bude se jejich pou\u017e\u00edv\u00e1n\u00ed \u0159\u00eddit touto smlouvou v\u00a0jejich aktu\u00e1ln\u00edm zn\u011bn\u00ed, nebudou-li k aktualizac\u00edm, inovac\u00edm nebo dopl\u0148k\u016fm Softwarov\u00e9ho Produktu p\u0159ilo\u017eeny odli\u0161n\u00e9 podm\u00ednky.<\/p>\n<h2>Omezen\u00ed Licence<\/h2>\n<p>Pronaj\u00edm\u00e1n\u00ed, p\u016fj\u010dov\u00e1n\u00ed, \u010di jak\u00fdkoli jin\u00fd zp\u016fsob distribuce Softwarov\u00e9ho Produktu, jeho \u010d\u00e1st\u00ed \u010di zdrojov\u00e9ho a strojov\u00e9ho k\u00f3du je zak\u00e1z\u00e1n. Softwarov\u00fd Produkt ani \u017e\u00e1dnou jeho \u010d\u00e1st nesm\u00edte kop\u00edrovat \u010di pozm\u011b\u0148ovat, zp\u011btn\u011b analyzovat, dekompilovat, prolamovat jeho ochranu, prod\u00e1vat, nebo se obdobn\u00fdm zp\u016fsobem sna\u017eit z\u00edskat jeho zdrojov\u00fd k\u00f3d, ani nikomu nedovol\u00edte takov\u00e9 \u010dinnosti prov\u00e1d\u011bt. Licence neumo\u017e\u0148uje ud\u011blovat podlicenci k\u00a0u\u017eit\u00ed Softwarov\u00e9ho Produktu, a nen\u00ed p\u0159evoditeln\u00e1.<\/p>\n<h2>Cena Licence<\/h2>\n<p>Za poskytnut\u00ed Licence se zavazujete uhradit Asamm \u010d\u00e1stku ve v\u00fd\u0161i uveden\u00e9 v\u00a0aktu\u00e1ln\u00edm cen\u00edku Asamm, kter\u00e1 V\u00e1m bude p\u0159ed uzav\u0159en\u00edm smlouvy nebo zakoupen\u00ed p\u0159\u00edslu\u0161n\u00e9 \u010d\u00e1sti dopl\u0148ku pro Softwarov\u00fd produkt sd\u011blena vhodn\u00fdm zp\u016fsobem. Nen\u00ed-li uvedeno v\u00fdslovn\u011b jinak, takto uveden\u00e1 cena nezahrnuje jak\u00e9koliv dan\u011b \u010di poplatky, a tyto V\u00e1m budou ze strany Asamm \u00fa\u010dtov\u00e1ny, pokud to pr\u00e1vn\u00ed p\u0159edpisy vy\u017eaduj\u00ed.<\/p>\n<p>Dopl\u0148ky Softwarov\u00e9ho produktu lze zakoupit i prost\u0159ednictv\u00edm platforem GooglePlay. V\u00a0takov\u00e9m p\u0159\u00edpad\u011b vstupujete do samostatn\u00e9ho smluvn\u00edho vztahu se spole\u010dnost\u00ed zaji\u0161\u0165uj\u00edc\u00ed danou platformu (nap\u0159. Google Ireland Limited, p\u0159\u00edpadn\u011b Google Inc.).<\/p>\n<h2>Trv\u00e1n\u00ed Licence<\/h2>\n<p>Licence je \u010dasov\u011b omezena na dobu, kter\u00e1 je uvedena v\u00a0informac\u00edch poskytovan\u00fdch V\u00e1m ze strany Asamm nebo jeho obchodn\u00edch partner\u016f p\u0159i zakoupen\u00ed Licence a odv\u00edj\u00ed se od V\u00e1mi zvolen\u00e9 varianty d\u00e9lky Licence. Nen\u00ed-li uvedeno v\u00a0t\u011bchto informac\u00edch v\u00fdslovn\u011b jinak, plat\u00ed, \u017ee Licence se poskytuje na dobu jednoho (1) roku.<\/p>\n<h2>Vlastnictv\u00ed<\/h2>\n<p>Autorsk\u00e1 pr\u00e1va a jin\u00e1 pr\u00e1va k p\u0159edm\u011bt\u016fm du\u0161evn\u00edho vlastnictv\u00ed, pr\u016fmyslov\u00e1 a\/nebo majetkov\u00e1 pr\u00e1va t\u00fdkaj\u00edc\u00ed se Softwarov\u00e9ho Produktu, jsou vlastnictv\u00edm spole\u010dnosti Asamm a\/nebo jej\u00edch dodavatel\u016f. Uzav\u0159en\u00edm t\u00e9to smlouvy nenab\u00fdv\u00e1te k\u00a0Softwaru jin\u00e1 pr\u00e1va, ne\u017e pr\u00e1vo u\u017eit\u00ed v\u00a0rozsahu Licence za stanoven\u00fdch podm\u00ednek.<\/p>\n<h2>D\u016fv\u011brnost<\/h2>\n<p>Berete na v\u011bdom\u00ed a souhlas\u00edte s t\u00edm, \u017ee Softwarov\u00fd produkt byl spole\u010dnost\u00ed Asamm vyvinut za cenu nemal\u00fdch \u010dasov\u00fdch a finan\u010dn\u00edch investic, a jako takov\u00fd m\u00e1 d\u016fv\u011brn\u00fd charakter a jsou obchodn\u00edm tajemstv\u00edm spole\u010dnosti Asamm a\/nebo t\u0159et\u00edch stran. Zavazujete se k tomu, \u017ee Softwarov\u00fd produkt budete u\u017e\u00edvat pouze v\u00a0rozsahu a zp\u016fsobem, kter\u00fd Licence v\u00fdslovn\u011b umo\u017e\u0148uje.<\/p>\n<h2>Licence k softwaru t\u0159et\u00edch stran<\/h2>\n<p>Softwarov\u00fd Produktu vyu\u017e\u00edv\u00e1 software dodan\u00fd t\u0159et\u00edmi stranami, kter\u00fd se \u0159\u00edd\u00ed jejich vlastn\u00edmi licen\u010dn\u00edmi podm\u00ednkami. Bez ohledu na ustanoven\u00ed o Licenci se pou\u017eit\u00ed n\u011bkter\u00fdch materi\u00e1l\u016f t\u0159et\u00edch stran zakomponovan\u00fdch v\u00a0Software nebo pou\u017e\u00edvan\u00fdch pro jeho podp\u016frn\u00e9 slu\u017eby, m\u016f\u017ee \u0159\u00eddit jin\u00fdmi podm\u00ednkami a ustanoven\u00edmi, ne\u017e EULA. T\u00edmto potvrzujete, \u017ee jste sezn\u00e1meni s\u00a0podm\u00ednkami v\u0161ech t\u0159et\u00edch stran, kter\u00e9 poskytuj\u00ed slu\u017eby \u010di \u010d\u00e1sti Software, jak jsou uvedeny v\u00a0technick\u00e9m popisu Software, a zavazujete se je dodr\u017eovat. Okam\u017eikem zakoupen\u00ed Licence k\u00a0Softwarov\u00e9mu produktu d\u00e1v\u00e1te Asamm pokyn se zah\u00e1jen\u00edm poskytov\u00e1n\u00ed slu\u017eeb souvisej\u00edc\u00edch s\u00a0vyu\u017eit\u00edm Softwarov\u00e9ho produktu.<\/p>\n<h2>Omezen\u00e1 odpov\u011bdnost<\/h2>\n<p>a) BERETE NA V\u011aDOM\u00cd, \u017dE SOFTWAROV\u00dd PRODUKT NEBYL VYVINUT K TOMU, ABY USPOKOJOVAL VA\u0160E INDIVIDU\u00c1LN\u00cd PO\u017dADAVKY, A \u017dE JE TEDY VA\u0160\u00cd POVINNOST\u00cd ZAJISTIT, ABY VLASTNOSTI A FUNKCE SLU\u017dEB PLNILY VA\u0160E PO\u017dADAVKY. ASAMM NERU\u010c\u00cd ZA TO, \u017dE BUDE SOFTWAROV\u00dd PRODUKT FUNGOVAT BEZ P\u0158ERU\u0160EN\u00cd NEBO BEZ CHYB. ZEJM\u00c9NA BYSTE SI M\u011aLI B\u00ddT V\u011aDOMI SKUTE\u010cNOSTI, \u017dE P\u0158I POU\u017dIT\u00cd SOFTWARE V NAVIGA\u010cN\u00cdM SYST\u00c9MU MOHOU NASTAT CHYBY VE V\u00ddPO\u010cTECH, NAP\u0158\u00cdKLAD V D\u016eSLEDKU M\u00cdSTN\u00cdCH PODM\u00cdNEK A\/NEBO NE\u00daPLN\u00ddCH DAT. ASAMM NERU\u010c\u00cd ZA TO, \u017dE SOFTWAROV\u00dd PRODUKT BUDE SCHOPEN SPOLUPRACOVAT S JAK\u00ddMKOLI JIN\u00ddM SYST\u00c9MEM, ZA\u0158\u00cdZEN\u00cdM NEBO V\u00ddROBKEM (NAP\u0158. SOFTWARE NEBO HARDWARE).<\/p>\n<p>b) SPOLE\u010cNOST ASAMM A JEJ\u00cd DODAVATEL\u00c9 V MAXIM\u00c1LN\u00cdM ROZSAHU POVOLEN\u00c9M P\u0158\u00cdSLU\u0160N\u00ddMI PR\u00c1VN\u00cdMI P\u0158EDPISY POSKYTUJ\u00cd SOFTWAROV\u00dd PRODUKT \u201cTAK, JAK JE, A SE V\u0160EMI CHYBAMI\u201d. TOUTO SMLOUVOU JSME SE DOHODLI, \u017dE VYLU\u010cUJEME VE\u0160KEROU ODPOV\u011aDNOST ASAMM VE VZTAHU K\u00a0SOFTWAROV\u00c9MU PRODUKTU, JAKO\u017d I JAK\u00c9KOLIV Z\u00c1RUKY, A TO V\u00ddSLOVN\u00c9, ML\u010cKY P\u0158EDPOKL\u00c1DAN\u00c9, Z\u00c1KONEM ULO\u017dEN\u00c9, ZEJM\u00c9NA V\u010cETN\u011a VE\u0160KER\u00ddCH (P\u0158\u00cdPADN\u00ddCH) ML\u010cKY P\u0158EDPOKL\u00c1DAN\u00ddCH Z\u00c1RUK, POVINNOST\u00cd NEBO PODM\u00cdNEK USPOKOJIV\u00c9 KVALITY NEBO VHODNOSTI PRO UR\u010cIT\u00dd \u00da\u010cEL, SPOLEHLIVOSTI NEBO DOSTUPNOSTI, P\u0158ESNOSTI NEBO \u00daPLNOSTI ODPOV\u011aD\u00cd NEBO V\u00ddSLEDK\u016e, T\u00ddKAJ\u00cdC\u00cdCH SE SOFTWAROV\u00c9HO PRODUKTU, A D\u00c1LE POSKYTOV\u00c1N\u00cd NEBO NEPOSKYTNUT\u00cd PODPORY \u010cI JIN\u00ddCH SLU\u017dEB, INFORMAC\u00cd, SOFTWARE A SOUVISEJ\u00cdC\u00cdHO OBSAHU, PROST\u0158EDNICTV\u00cdM SOFTVAROV\u00c9HO PRODUKTU \u010cI JINAK NA Z\u00c1KLAD\u011a POU\u017d\u00cdV\u00c1N\u00cd SOFTWAROV\u00c9HO PRODUKTU. KROM\u011a TOHO SE VE VZTAHU K SOFTWAROV\u00c9MU PROODUKTU NEPOSKYTUJE \u017d\u00c1DN\u00c1 Z\u00c1RUKA ANI PODM\u00cdNKA POKOJN\u00c9HO U\u017d\u00cdV\u00c1N\u00cd, POKOJN\u00c9HO DR\u017dEN\u00cd NEBO NEPORU\u0160EN\u00cd PR\u00c1V. NEN\u00cd-LI TAKOV\u00c9 VYLOU\u010cEN\u00cd MO\u017dN\u00c9, PAK JSME SE DOHODLI, \u017dE CELKOV\u00c1 ODPOV\u011aDNOST SPOLE\u010cNOSTI ASAMM A V\u0160ECH JEJ\u00cdCH DODAVATEL\u016e VYPL\u00ddVAJ\u00cdC\u00cd Z T\u00c9TO SMLOUVY NEBO S N\u00cd SOUVISEJ\u00cdC\u00cd, BUDE OMEZENA NA \u010c\u00c1STKU, KTEROU JSTE ZA U\u017dIT\u00cd SOFTWAROV\u00c9HO PRODUKTU SPOLE\u010cNOSTI ASAMM SKUTE\u010cN\u011a ZAPLATILI.<\/p>\n<p>c) ASAMM UPOZOR\u0147UJE NA SKUTE\u010cNOST, \u017dE P\u0158I POU\u017d\u00cdV\u00c1N\u00cd SOFTWAROV\u00c9HO PRODUKTU NESETE PLNOU A V\u00ddHRADN\u00cd ODPOV\u011aDNOST ZA DODR\u017dOV\u00c1N\u00cd DOPRAVN\u00cdCH PRAVIDEL A P\u0158EDPIS\u016e (NAP\u0158. POU\u017dIT\u00cd POVINN\u00ddCH A\/NEBO P\u0158IM\u011a\u0158EN\u00ddCH A VHODN\u00ddCH BEZPE\u010cNOSTN\u00cdCH OPAT\u0158EN\u00cd, OCHRANN\u00ddCH PROSTEDK\u016e, VYVINUT\u00cd \u0158\u00c1DN\u00c9 A OBECN\u011a O\u010cEK\u00c1VAN\u00c9 P\u00c9\u010cE A POZORNOSTI V DAN\u00c9 SITUACI A MIMO\u0158\u00c1DN\u00c9 P\u00c9\u010cE A POZORNOSTI V D\u016eSLEDKU POU\u017dIT\u00cd SOFTWAROV\u00c9HO PRODUKTUB). TOUTO SMLOUVOU JSME SE DOHODLI, \u017dE ODPOV\u011aDNOST ASAMM ZA JAK\u00c9KOLI \u0160KODY \u010cI NEMAJETKOV\u00c9 \u00daJMY VZNIKL\u00c9 V SOUVISLOSTI S POU\u017d\u00cdV\u00c1N\u00cdM SOFTWAROV\u00c9HO PRODUKTU JSOU VYLOU\u010cENY.<\/p>\n<p>ASAMM ANI JEHO DODAVATEL\u00c9 NEBUDOU V\u00c1M ANI \u017d\u00c1DN\u00c9 T\u0158ET\u00cd STRAN\u011a ZODPOV\u00cdDAT (ZE SMLOUVY, Z NEDBALOSTI ANI NIJAK JINAK); (I) ZA NEMO\u017dNOST POU\u017d\u00cdVAT JAK\u00c9KOLI ZA\u0158\u00cdZEN\u00cd T\u0158ET\u00cd STRANY NEBO Z\u00cdSKAT P\u0158\u00cdSTUP K DAT\u016eM, ZA ZTR\u00c1TU NEBO PO\u0160KOZEN\u00cd DAT, ZA ZTR\u00c1TU OBCHODN\u00cd P\u0158\u00cdLE\u017dITOSTI, ZTR\u00c1TU ZISKU, ZTR\u00c1TU P\u0158\u00cdJM\u016e NEBO O\u010cEK\u00c1VAN\u00ddCH \u00daSPOR, ZA P\u0158ERU\u0160EN\u00cd PODNIKATELSK\u00c9 \u010cINNOSTI \u010cI PODOBN\u00c9 ZTR\u00c1TY (BEZ OHLEDU NA TO, ZDA JSOU TAKOV\u00c9 ZTR\u00c1TY P\u0158\u00cdM\u00c9 \u010cI NEP\u0158\u00cdM\u00c9); NEBO (II) ZA JAK\u00c9KOLI NEP\u0158\u00cdM\u00c9, N\u00c1HODN\u00c9, N\u00c1SLEDN\u00c9 ZTR\u00c1TY NEBO \u0160KODY JAK\u00c9HOKOLI DRUHU, A TO V KA\u017dD\u00c9M JEDNOTLIV\u00c9M P\u0158\u00cdPAD\u011a, VYPL\u00ddVAJ\u00cdC\u00cd Z POU\u017d\u00cdV\u00c1N\u00cd SOFTWAROV\u00c9HO PRODUKTU NEBO NEMO\u017dNOSTI POU\u017d\u00cdT SOFTWAROV\u00dd PRODUKT, A TO I TEHDY, BYL-LI ASAMM NA MO\u017dNOST TAKOV\u00ddCH ZTR\u00c1T NEBO \u0160KOD UPOZORN\u011aN.<\/p>\n<h2>Ukon\u010den\u00ed<\/h2>\n<p>Ani\u017e by t\u00edm byla dot\u010dena jak\u00e1koli jin\u00e1 pr\u00e1va, je spole\u010dnost Asamm opr\u00e1vn\u011bna tuto smlouvu okam\u017eit\u011b ukon\u010dit, poru\u0161\u00edte-li kter\u00e9koli z jej\u00edch ustanoven\u00ed a podm\u00ednek. Ustanoven\u00ed t\u00e9to smlouvy, je\u017e na z\u00e1klad\u011b sv\u00e9 povahy maj\u00ed z\u016fstat v platnosti i po jej\u00edm ukon\u010den\u00ed, z\u016fst\u00e1vaj\u00ed v platnosti i po ukon\u010den\u00ed t\u00e9to smlouvy. Asamm si vyhrazuje pr\u00e1vo, po p\u0159edchoz\u00edm ozn\u00e1men\u00ed nebo bez ozn\u00e1men\u00ed, bez n\u00e1hrady p\u0159eru\u0161it poskytov\u00e1n\u00ed aktualizac\u00ed, inovac\u00ed nebo dopl\u0148kov\u00fdch slu\u017eeb, kter\u00e9 v\u00e1m poskytuje nebo k nim\u017e m\u00e1te p\u0159\u00edstup prost\u0159ednictv\u00edm u\u017e\u00edv\u00e1n\u00ed Softwarov\u00e9ho produktu.<\/p>\n<h2>Odkazy na str\u00e1nky t\u0159et\u00edch stran<\/h2>\n<p>Spole\u010dnost Asamm a dal\u0161\u00ed t\u0159et\u00ed strany, pod\u00edlej\u00edc\u00ed se na zaji\u0161t\u011bn\u00ed va\u0161eho p\u0159\u00edstupu ke slu\u017eb\u00e1m (\u201cT\u0159et\u00ed strany\u201d), neodpov\u00eddaj\u00ed za obsah internetov\u00fdch str\u00e1nek nebo slu\u017eeb t\u0159et\u00edch stran, za \u017e\u00e1dn\u00e9 odkazy uveden\u00e9 na str\u00e1nk\u00e1ch nebo ve slu\u017eb\u00e1ch t\u0159et\u00edch stran, ani za zm\u011bny nebo aktualizace str\u00e1nek nebo slu\u017eeb t\u0159et\u00edch stran, kter\u00e9 jsou doru\u010dov\u00e1ny prost\u0159ednictv\u00edm Softwarov\u00e9ho produktu \u010di jinak. Asamm (a p\u0159\u00edpadn\u011b jednotliv\u00e9 T\u0159et\u00ed strany) v\u00e1m tyto odkazy i p\u0159\u00edstup na str\u00e1nky a ke slu\u017eb\u00e1m t\u0159et\u00edch stran poskytuje pouze pro va\u0161e pohodl\u00ed a ze za\u0159azen\u00ed jak\u00e9hokoli odkazu nebo p\u0159\u00edstupu nevypl\u00fdv\u00e1, \u017ee by do\u0161lo ke schv\u00e1len\u00ed str\u00e1nek nebo Softwarov\u00fdch produkt\u016f t\u0159et\u00ed strany spole\u010dnost\u00ed Asamm nebo T\u0159et\u00edmi stranami. Jak\u00e9koli vyu\u017eit\u00ed takov\u00fdch odkaz\u016f nebo str\u00e1nek t\u0159et\u00edch stran i zp\u016fsob, jak\u00fdm takov\u00e9 str\u00e1nky t\u0159et\u00edch stran a odkazy pou\u017e\u00edv\u00e1te, budete prov\u00e1d\u011bt na svou odpov\u011bdnost a na sv\u00e9 riziko.<\/p>\n<h2>\u00daplnost smlouvy<\/h2>\n<p>Tato smlouva (v\u010detn\u011b jej\u00edch dodatk\u016f nebo zm\u011bn, je\u017e mohou b\u00fdt dod\u00e1ny spolu se Softwarov\u00fdm produktem a ve\u0161ker\u00fdch p\u0159\u00edpadn\u00fdch dal\u0161\u00edch podm\u00ednek a ustanoven\u00ed) p\u0159edstavuje \u00faplnou dohodu mezi v\u00e1mi a spole\u010dnost\u00ed Asamm, t\u00fdkaj\u00edc\u00ed se Softwarov\u00e9ho produktu, a nahrazuje ve\u0161ker\u00e1 p\u0159edchoz\u00ed nebo sou\u010dasn\u00e1 \u00fastn\u00ed i p\u00edsemn\u00e1 sd\u011blen\u00ed, n\u00e1vrhy nebo prohl\u00e1\u0161en\u00ed ve vztahu k Softwarov\u00e9mu produktu \u010di jak\u00e9mukoli jin\u00e9mu p\u0159edm\u011btu, \u0159e\u0161en\u00e9mu v t\u00e9to smlouv\u011b. V rozsahu, v n\u011bm\u017e jsou n\u011bkter\u00e1 ustanoven\u00ed n\u011bkter\u00fdch z\u00e1sad spole\u010dnosti Asamm v rozporu s ustanoven\u00edmi t\u00e9to smlouvy, budou m\u00edt vy\u0161\u0161\u00ed platnost ustanoven\u00ed t\u00e9to smlouvy. Bude-li zji\u0161t\u011bno, \u017ee n\u011bkter\u00e9 ustanoven\u00ed t\u00e9to smlouvy je neplatn\u00e9, ne\u00fa\u010dinn\u00e9, nevymahateln\u00e9 nebo v rozporu se z\u00e1konem, ostatn\u00ed ustanoven\u00ed z\u016fstanou v pln\u00e9 platnosti a \u00fa\u010dinnosti.<\/p>\n<h2>P\u0159eklady<\/h2>\n<p>Rozhodn\u00e9 zn\u011bn\u00ed t\u00e9to smlouvy (EULA) p\u0159edstavuje jej\u00ed \u010desk\u00e1 verze. Ve\u0161ker\u00e9 p\u0159eklady se poskytuj\u00ed pouze pro pohodl\u00ed a nejsou pr\u00e1vn\u011b z\u00e1vazn\u00e9.<\/p>\n<h2>Informace pro spot\u0159ebitele<\/h2>\n<p>Subjektem opr\u00e1vn\u011bn\u00fdm k mimosoudn\u00edmu \u0159e\u0161en\u00ed spor\u016f ze Smlouvy je \u010cesk\u00e1 obchodn\u00ed inspekce. M\u00e1te pr\u00e1vo obr\u00e1tit se na \u010ceskou obchodn\u00ed inspekci se st\u00ed\u017enost\u00ed v\u00a0souvislosti s\u00a0pln\u011bn\u00edm dle t\u00e9to smlouvy nebo n\u00e1vrhem na zah\u00e1jen\u00ed mimosoudn\u00edho \u0159e\u0161en\u00ed sporu s\u00a0Asamm na adresu \u010cesk\u00e1 obchodn\u00ed inspekce, \u0160t\u011bp\u00e1nsk\u00e1 15, 120 00 Praha 2. V\u00edce informac\u00ed na adr.coi.cz<\/p>\n<p>S\u00a0ohledem na povahu Softwarov\u00e9ho produktu nem\u00e1te pr\u00e1vo na odstoupen\u00ed od t\u00e9to smlouvy. N\u00e1klady na prost\u0159edky komunikace na d\u00e1lku, spojen\u00e9 s\u00a0dod\u00e1n\u00edm Softwarov\u00e9ho produktu, nesete sami.<\/p>\n<h2>Rozhodn\u00e9 pr\u00e1vo<\/h2>\n<p>Tato smlouva a ve\u0161ker\u00e9 spory vznikaj\u00edc\u00ed na jej\u00edm z\u00e1klad\u011b nebo v souvislosti s n\u00ed (v\u010detn\u011b p\u0159\u00edpadn\u00fdch mimosmluvn\u00edch n\u00e1rok\u016f nebo spor\u016f) se budou \u0159\u00eddit pr\u00e1vn\u00edm \u0159\u00e1dem \u010cesk\u00e9 republiky. Vztahy upraven\u00e9 touto smlouvou se nebudou \u0159\u00eddit \u00damluvou OSN o smlouv\u00e1ch o mezin\u00e1rodn\u00edm prodeji zbo\u017e\u00ed. Ve\u0161ker\u00e9 spory vznikaj\u00edc\u00ed na z\u00e1klad\u011b t\u00e9to smlouvy (v\u010detn\u011b p\u0159\u00edpadn\u00fdch mimosmluvn\u00edch n\u00e1rok\u016f nebo spor\u016f) budou \u0159e\u0161it soudy v \u010cesk\u00e9 republice, kter\u00e9 budou m\u00edt v\u00fdhradn\u00ed jurisdikci nad v\u0161emi takov\u00fdmi spory. M\u00edstn\u00ed p\u0159\u00edslu\u0161nost soud\u016f se sjedn\u00e1v\u00e1 podle s\u00eddla Asamm.<\/p>\n<p>M\u00e1te-li n\u011bjak\u00e9 dotazy t\u00fdkaj\u00edc\u00ed se t\u00e9to smlouvy nebo pokud se chcete na spole\u010dnost Asamm obr\u00e1tit z jin\u00e9ho d\u016fvodu, nav\u0161tivte pros\u00edm webov\u00e9 str\u00e1nky spole\u010dnost na adrese\u00a0<a href=\"http:\/\/www.asamm.com\/\">www.Asamm.com<\/a>.<\/p>\n<p>&nbsp;<\/p>\n<\/p>\n<p><\/p>","protected":false},"excerpt":{"rendered":"<p>Tato licen\u010dn\u00ed smlouva s koncov\u00fdm u\u017eivatelem (\u201cEULA\u201d nebo \u201esmlouva\u201c) p\u0159edstavuje z\u00e1vazn\u00e9 pr\u00e1vn\u00ed ujedn\u00e1n\u00ed mezi v\u00e1mi a [&hellip;]<\/p>\n","protected":false},"author":2,"featured_media":0,"parent":0,"menu_order":0,"comment_status":"open","ping_status":"open","template":"text-page.php","meta":[],"yoast_head":"<!-- This site is optimized with the Yoast SEO plugin v19.6.1 - https:\/\/yoast.com\/wordpress\/plugins\/seo\/ -->\n<title>EULAEULAEULA - Locus GIS<\/title>\n<meta name=\"robots\" content=\"index, follow, max-snippet:-1, max-image-preview:large, max-video-preview:-1\" \/>\n<link rel=\"canonical\" href=\"https:\/\/www.locusgis.com\/eula\/\" \/>\n<meta property=\"og:locale\" content=\"cs_CZ\" \/>\n<meta property=\"og:type\" content=\"article\" \/>\n<meta property=\"og:title\" content=\"EULAEULAEULA - Locus GIS\" \/>\n<meta property=\"og:description\" content=\"Tato licen\u010dn\u00ed smlouva s koncov\u00fdm u\u017eivatelem (\u201cEULA\u201d nebo \u201esmlouva\u201c) p\u0159edstavuje z\u00e1vazn\u00e9 pr\u00e1vn\u00ed ujedn\u00e1n\u00ed mezi v\u00e1mi a [&hellip;]\" \/>\n<meta property=\"og:url\" content=\"https:\/\/www.locusgis.com\/eula\/\" \/>\n<meta property=\"og:site_name\" content=\"Locus GIS\" \/>\n<meta property=\"article:publisher\" content=\"https:\/\/www.facebook.com\/locusgis\" \/>\n<meta property=\"article:modified_time\" content=\"2021-04-01T07:53:16+00:00\" \/>\n<meta name=\"twitter:card\" content=\"summary\" \/>\n<meta name=\"twitter:site\" content=\"@locusgis\" \/>\n<meta name=\"twitter:label1\" content=\"Odhadovan\u00e1 doba \u010dten\u00ed\" \/>\n\t<meta name=\"twitter:data1\" content=\"32 minut\" \/>\n<script type=\"application\/ld+json\" class=\"yoast-schema-graph\">{\"@context\":\"https:\/\/schema.org\",\"@graph\":[{\"@type\":\"WebPage\",\"@id\":\"https:\/\/www.locusgis.com\/eula\/\",\"url\":\"https:\/\/www.locusgis.com\/eula\/\",\"name\":\"EULAEULAEULA - Locus GIS\",\"isPartOf\":{\"@id\":\"http:\/\/www.locusgis.com\/#website\"},\"datePublished\":\"2021-04-01T06:45:18+00:00\",\"dateModified\":\"2021-04-01T07:53:16+00:00\",\"breadcrumb\":{\"@id\":\"https:\/\/www.locusgis.com\/eula\/#breadcrumb\"},\"inLanguage\":\"cs\",\"potentialAction\":[{\"@type\":\"ReadAction\",\"target\":[\"https:\/\/www.locusgis.com\/eula\/\"]}]},{\"@type\":\"BreadcrumbList\",\"@id\":\"https:\/\/www.locusgis.com\/eula\/#breadcrumb\",\"itemListElement\":[{\"@type\":\"ListItem\",\"position\":1,\"name\":\"Home\",\"item\":\"http:\/\/www.locusgis.com\/\"},{\"@type\":\"ListItem\",\"position\":2,\"name\":\"EULA\"}]},{\"@type\":\"WebSite\",\"@id\":\"http:\/\/www.locusgis.com\/#website\",\"url\":\"http:\/\/www.locusgis.com\/\",\"name\":\"Locus GIS\",\"description\":\"Online a offline mapy\",\"publisher\":{\"@id\":\"http:\/\/www.locusgis.com\/#organization\"},\"potentialAction\":[{\"@type\":\"SearchAction\",\"target\":{\"@type\":\"EntryPoint\",\"urlTemplate\":\"http:\/\/www.locusgis.com\/?s={search_term_string}\"},\"query-input\":\"required name=search_term_string\"}],\"inLanguage\":\"cs\"},{\"@type\":\"Organization\",\"@id\":\"http:\/\/www.locusgis.com\/#organization\",\"name\":\"Asamm Software\",\"url\":\"http:\/\/www.locusgis.com\/\",\"sameAs\":[\"https:\/\/www.linkedin.com\/company\/asamm-software-s-r-o-\",\"https:\/\/www.facebook.com\/locusgis\",\"https:\/\/twitter.com\/locusgis\"],\"logo\":{\"@type\":\"ImageObject\",\"inLanguage\":\"cs\",\"@id\":\"http:\/\/www.locusgis.com\/#\/schema\/logo\/image\/\",\"url\":\"https:\/\/www.locusgis.com\/wp-content\/uploads\/logo_wide_800.png\",\"contentUrl\":\"https:\/\/www.locusgis.com\/wp-content\/uploads\/logo_wide_800.png\",\"width\":800,\"height\":175,\"caption\":\"Asamm Software\"},\"image\":{\"@id\":\"http:\/\/www.locusgis.com\/#\/schema\/logo\/image\/\"}}]}<\/script>\n<!-- \/ Yoast SEO plugin. -->","yoast_head_json":{"title":"EULAEULAEULA - Locus GIS","robots":{"index":"index","follow":"follow","max-snippet":"max-snippet:-1","max-image-preview":"max-image-preview:large","max-video-preview":"max-video-preview:-1"},"canonical":"https:\/\/www.locusgis.com\/eula\/","og_locale":"cs_CZ","og_type":"article","og_title":"EULAEULAEULA - Locus GIS","og_description":"Tato licen\u010dn\u00ed smlouva s koncov\u00fdm u\u017eivatelem (\u201cEULA\u201d nebo \u201esmlouva\u201c) p\u0159edstavuje z\u00e1vazn\u00e9 pr\u00e1vn\u00ed ujedn\u00e1n\u00ed mezi v\u00e1mi a [&hellip;]","og_url":"https:\/\/www.locusgis.com\/eula\/","og_site_name":"Locus GIS","article_publisher":"https:\/\/www.facebook.com\/locusgis","article_modified_time":"2021-04-01T07:53:16+00:00","twitter_card":"summary","twitter_site":"@locusgis","twitter_misc":{"Odhadovan\u00e1 doba \u010dten\u00ed":"32 minut"},"schema":{"@context":"https:\/\/schema.org","@graph":[{"@type":"WebPage","@id":"https:\/\/www.locusgis.com\/eula\/","url":"https:\/\/www.locusgis.com\/eula\/","name":"EULAEULAEULA - Locus GIS","isPartOf":{"@id":"http:\/\/www.locusgis.com\/#website"},"datePublished":"2021-04-01T06:45:18+00:00","dateModified":"2021-04-01T07:53:16+00:00","breadcrumb":{"@id":"https:\/\/www.locusgis.com\/eula\/#breadcrumb"},"inLanguage":"cs","potentialAction":[{"@type":"ReadAction","target":["https:\/\/www.locusgis.com\/eula\/"]}]},{"@type":"BreadcrumbList","@id":"https:\/\/www.locusgis.com\/eula\/#breadcrumb","itemListElement":[{"@type":"ListItem","position":1,"name":"Home","item":"http:\/\/www.locusgis.com\/"},{"@type":"ListItem","position":2,"name":"EULA"}]},{"@type":"WebSite","@id":"http:\/\/www.locusgis.com\/#website","url":"http:\/\/www.locusgis.com\/","name":"Locus GIS","description":"Online a offline mapy","publisher":{"@id":"http:\/\/www.locusgis.com\/#organization"},"potentialAction":[{"@type":"SearchAction","target":{"@type":"EntryPoint","urlTemplate":"http:\/\/www.locusgis.com\/?s={search_term_string}"},"query-input":"required name=search_term_string"}],"inLanguage":"cs"},{"@type":"Organization","@id":"http:\/\/www.locusgis.com\/#organization","name":"Asamm Software","url":"http:\/\/www.locusgis.com\/","sameAs":["https:\/\/www.linkedin.com\/company\/asamm-software-s-r-o-","https:\/\/www.facebook.com\/locusgis","https:\/\/twitter.com\/locusgis"],"logo":{"@type":"ImageObject","inLanguage":"cs","@id":"http:\/\/www.locusgis.com\/#\/schema\/logo\/image\/","url":"https:\/\/www.locusgis.com\/wp-content\/uploads\/logo_wide_800.png","contentUrl":"https:\/\/www.locusgis.com\/wp-content\/uploads\/logo_wide_800.png","width":800,"height":175,"caption":"Asamm Software"},"image":{"@id":"http:\/\/www.locusgis.com\/#\/schema\/logo\/image\/"}}]}},"_links":{"self":[{"href":"https:\/\/www.locusgis.com\/cz\/wp-json\/wp\/v2\/pages\/10914"}],"collection":[{"href":"https:\/\/www.locusgis.com\/cz\/wp-json\/wp\/v2\/pages"}],"about":[{"href":"https:\/\/www.locusgis.com\/cz\/wp-json\/wp\/v2\/types\/page"}],"author":[{"embeddable":true,"href":"https:\/\/www.locusgis.com\/cz\/wp-json\/wp\/v2\/users\/2"}],"replies":[{"embeddable":true,"href":"https:\/\/www.locusgis.com\/cz\/wp-json\/wp\/v2\/comments?post=10914"}],"version-history":[{"count":7,"href":"https:\/\/www.locusgis.com\/cz\/wp-json\/wp\/v2\/pages\/10914\/revisions"}],"predecessor-version":[{"id":10921,"href":"https:\/\/www.locusgis.com\/cz\/wp-json\/wp\/v2\/pages\/10914\/revisions\/10921"}],"wp:attachment":[{"href":"https:\/\/www.locusgis.com\/cz\/wp-json\/wp\/v2\/media?parent=10914"}],"curies":[{"name":"wp","href":"https:\/\/api.w.org\/{rel}","templated":true}]}}