{"id":10922,"date":"2021-04-01T09:01:39","date_gmt":"2021-04-01T08:01:39","guid":{"rendered":"http:\/\/www.locusgis.com\/?page_id=10922"},"modified":"2021-04-28T15:03:04","modified_gmt":"2021-04-28T14:03:04","slug":"kimaps-privacy-policy","status":"publish","type":"page","link":"https:\/\/www.locusgis.com\/cz\/kimaps-zasady-zpracovani-osobnich-udaju\/","title":{"rendered":"KiMaps &#8211; Z\u00e1sady zpracov\u00e1n\u00ed osobn\u00edch \u00fadaj\u016f"},"content":{"rendered":"<p><\/p>\n<p><p>Tyto z\u00e1sady zpracov\u00e1n\u00ed osobn\u00edch \u00fadaj\u016f popisuj\u00ed v\u00a0souladu s Na\u0159\u00edzen\u00edm Evropsk\u00e9ho Parlamentu a Rady (EU) 2016\/679 (d\u00e1le jen \u201e<strong>GDPR<\/strong>\u201c) v\u0161echny relevantn\u00ed informace o zpracov\u00e1n\u00ed va\u0161ich osobn\u00edch \u00fadaj\u016f, jako subjektu t\u011bchto osobn\u00edch \u00fadaj\u016f v\u00a0aplikaci Locus GIS a souvisej\u00edc\u00edch slu\u017eb\u00e1ch, v\u010detn\u011b webov\u00e9 platformy (spole\u010dn\u011b d\u00e1le jen \u201e<strong>aplikace<\/strong>\u201c).<\/p>\n<h4><strong>Kdo odpov\u00edd\u00e1 za zpracov\u00e1n\u00ed va\u0161ich \u00fadaj\u016f?<\/strong><\/h4>\n<p>Spr\u00e1vcem osobn\u00edch \u00fadaj\u016f je spole\u010dnost Asamm Software, s.r.o., I\u010c: 24225321, se s\u00eddlem Krhanick\u00e1 719\/25, Kam\u00fdk, 142 00 Praha 4, \u010cesk\u00e1 republika (d\u00e1le jen \u201e<strong>Spr\u00e1vce<\/strong>\u201c nebo \u201e<strong>my<\/strong>\u201c).<\/p>\n<h4><strong>Pro jak\u00e9 \u00fa\u010dely zpracov\u00e1v\u00e1me va\u0161e osobn\u00ed \u00fadaje?<\/strong><\/h4>\n<p>\u00da\u010delem zpracov\u00e1n\u00ed osobn\u00edch \u00fadaj\u016f je umo\u017enit v\u00e1m u\u017eit\u00ed aplikace a souvisej\u00edc\u00edch slu\u017eeb, \u00fadr\u017eba a zlep\u0161ov\u00e1n\u00ed funkc\u00ed aplikace, a tak\u00e9 komunikace s\u00a0v\u00e1mi jako z\u00e1kazn\u00edkem Spr\u00e1vce.<\/p>\n<p>Tyto \u00fadaje jsou nezbytn\u00e9 pro vytvo\u0159en\u00ed va\u0161eho u\u017eivatelsk\u00e9ho \u00fa\u010dtu, prost\u0159ednictv\u00edm kter\u00e9ho je v\u00e1m umo\u017en\u011bno vyu\u017eit\u00ed n\u011bkter\u00fdch funkc\u00ed aplikace.<\/p>\n<h4><strong>Jak\u00e9 osobn\u00ed \u00fadaje zpracov\u00e1v\u00e1me?<\/strong><\/h4>\n<p>Pou\u017e\u00edv\u00e1te-li aplikaci, shroma\u017e\u010fujeme a zpracov\u00e1v\u00e1me n\u011bkter\u00e9 nebo v\u0161echny n\u00e1sleduj\u00edc\u00ed \u00fadaje, kter\u00e9 uvedete v\u00a0registraci, kter\u00e9 vzniknou v\u00a0pr\u016fb\u011bhu va\u0161eho u\u017e\u00edv\u00e1n\u00ed aplikace nebo je do aplikace sami vlo\u017e\u00edte.<\/p>\n<p>Povinn\u00e9 \u00fadaje nezbytn\u00e9 pro registraci prost\u0159ednictv\u00edm aplikace do va\u0161eho u\u017eivatelsk\u00e9ho \u00fa\u010dtu jsou <u>jm\u00e9no, p\u0159\u00edjmen\u00ed, e-mailov\u00e1 adresa<\/u>. Tot\u00e9\u017e plat\u00ed i v\u00a0p\u0159\u00edpad\u011b registrace do aplikace prost\u0159ednictv\u00edm slu\u017eeb t\u0159et\u00edch stran, soci\u00e1ln\u00ed s\u00edt\u011b, nap\u0159\u00edklad Facebooku.<\/p>\n<p>Aplikace je svou povahou mapov\u00fdm a naviga\u010dn\u00edm softwarem, proto vyu\u017e\u00edv\u00e1 pro zam\u011b\u0159en\u00ed va\u0161\u00ed polohy <u>lokaliza\u010dn\u00ed \u00fadaje<\/u> z\u00a0va\u0161eho mobiln\u00edho za\u0159\u00edzen\u00ed.<\/p>\n<p>Pokud vyu\u017eijete p\u0159\u00edslu\u0161n\u00e9 funkce aplikace, shroma\u017e\u010fujeme \u00fadaje o va\u0161em<u> zp\u016fsobu pou\u017e\u00edv\u00e1n\u00ed aplikace, lokaliza\u010dn\u00ed \u00fadaje a historii vyhled\u00e1v\u00e1n\u00ed<\/u>, nebo v\u00a0p\u0159\u00edpad\u011b vyu\u017eit\u00ed webov\u00e9 platformy aplikace tak\u00e9 <u>IP adresu<\/u> nezbytnou pro komunikaci s\u00a0va\u0161\u00edm za\u0159\u00edzen\u00edm.<\/p>\n<p>Nepovinn\u00e9 \u00fadaje, uveden\u00e9 v\u00e1mi p\u0159i registraci, jsou pak <u>profilov\u00e1 fotografie a ozna\u010den\u00ed va\u0161eho koncov\u00e9ho za\u0159\u00edzen\u00ed<\/u>. P\u0159i vyu\u017eit\u00ed p\u0159\u00edslu\u0161n\u00fdch funkc\u00ed pak m\u016f\u017eete do aplikace nahr\u00e1t i multimedi\u00e1ln\u00ed obsah obsahuj\u00edc\u00ed nap\u0159\u00edklad va\u0161i fotografii na ur\u010dit\u00e9m m\u00edst\u011b.<\/p>\n<p>Aplikace vyu\u017e\u00edv\u00e1 analytick\u00fd software Firebase Analytics spole\u010dnosti Google, kter\u00fd vyhodnocuje ur\u010dit\u00e9 informace o za\u0159\u00edzen\u00ed a zp\u016fsobu u\u017e\u00edv\u00e1n\u00ed aplikace u\u017eivatelem. Tyto jsou vyu\u017e\u00edv\u00e1ny v\u00fdhradn\u011b pro analytick\u00e9 \u00fa\u010dely.<\/p>\n<p>Pokud vyu\u017e\u00edv\u00e1te webovou platformu aplikace, ukl\u00e1d\u00e1me ve va\u0161em za\u0159\u00edzen\u00ed tzv. cookies, obsahuj\u00edc\u00ed technick\u00e9 informace nezbytn\u00e9 pro komunikaci, p\u0159ihl\u00e1\u0161en\u00ed do va\u0161eho u\u017eivatelsk\u00e9ho \u00fa\u010dtu, p\u0159\u00edpadn\u011b obsahuje analytick\u00e9 \u00fadaje.<\/p>\n<h4><strong>Jak\u00fd je pr\u00e1vn\u00ed z\u00e1klad pro zpracov\u00e1n\u00ed va\u0161ich \u00fadaj\u016f?<\/strong><\/h4>\n<p>Zpracov\u00e1n\u00ed n\u011bkter\u00fdch va\u0161ich osobn\u00edch \u00fadaj\u016f je nezbytn\u00e9 pro pln\u011bn\u00ed licen\u010dn\u00ed smlouvy, kterou jste s\u00a0n\u00e1mi uzav\u0159eli (d\u00e1le jen \u201e<strong>Smlouva<\/strong>\u201c), zejm\u00e9na pro umo\u017en\u011bn\u00ed vyu\u017eit\u00ed p\u0159\u00edslu\u0161n\u00fdch funkc\u00ed aplikace v\u00e1mi. Takov\u00e9 zpracov\u00e1n\u00ed je v\u00a0souladu s \u010dl\u00e1nku 6 odst. 1 p\u00edsm. b) GDPR.<\/p>\n<p>\u010c\u00e1st va\u0161ich osobn\u00edch \u00fadaj\u016f t\u00fdkaj\u00edc\u00edch se analytick\u00fdch dat d\u00e1le zpracov\u00e1v\u00e1me dle \u010dl\u00e1nku 6 odst. 1 p\u00edsm. f) GDPR, tedy na z\u00e1klad\u011b opr\u00e1vn\u011bn\u00e9ho z\u00e1jmu Spr\u00e1vce vylep\u0161ovat a udr\u017eovat aplikaci, nebo pro p\u0159\u00edpadnou ochranu majetkov\u00fdch pr\u00e1v po spln\u011bn\u00ed Smlouvy a monetizaci aplikace prost\u0159ednictv\u00edm reklam.<\/p>\n<p>Na z\u00e1klad\u011b v\u00fd\u0161e uveden\u00e9ho opr\u00e1vn\u011bn\u00e9ho z\u00e1jmu Spr\u00e1vce v\u00e1m bude Spr\u00e1vce p\u0159\u00edle\u017eitostn\u011b zas\u00edlat tzv. newsletter, aby v\u00e1s informoval o novink\u00e1ch v\u00a0aplikaci.<\/p>\n<h4><strong>Jak dlouho osobn\u00ed \u00fadaje uchov\u00e1v\u00e1me?<\/strong><\/h4>\n<p>V\u00a0p\u0159\u00edpad\u011b \u00fadaj\u016f zpracov\u00e1van\u00fdch z\u00a0d\u016fvodu nezbytnosti pln\u011bn\u00ed Smlouvy jsou tyto \u00fadaje zpracov\u00e1van\u00e9 nejd\u00e9le po dobu trv\u00e1n\u00ed Smlouvy, nen\u00ed-li n\u00ed\u017ee uvedeno jinak. Z\u00e1kladn\u00ed identifika\u010dn\u00ed \u00fadaje jsou d\u00e1le zpracov\u00e1v\u00e1ny po dobu t\u0159\u00ed let po ukon\u010den\u00ed Smlouvy, kter\u00e1 odpov\u00edd\u00e1 proml\u010dec\u00ed lh\u016ft\u011b majetkov\u00fdch pr\u00e1v ze Smlouvy.<\/p>\n<p>Nepovinnou \u010d\u00e1st \u00fadaj\u016f m\u016f\u017eete kdykoliv zm\u011bnit, nap\u0159\u00edklad vymaz\u00e1n\u00edm vlo\u017een\u00e9 fotografie z\u00a0aplikace. V\u00a0takov\u00e9m p\u0159\u00edpad\u011b Spr\u00e1vce ukon\u010d\u00ed zpracov\u00e1n\u00ed t\u011bchto \u00fadaj\u016f nejpozd\u011bji do okam\u017eiku z\u00e1niku pravideln\u011b z\u00e1lohovan\u00fdch dat.<\/p>\n<p>Ve\u0161ker\u00e9 osobn\u00ed \u00fadaje zpracov\u00e1van\u00e9 pro \u00fa\u010dely analytiky jsou zpracov\u00e1van\u00e9 pouze do okam\u017eiku vytvo\u0159en\u00ed statistick\u00fdch \u00fadaj\u016f, pot\u00e9 jsou automaticky odstran\u011bny. Spr\u00e1vce n\u00e1sledn\u011b analyzuje pouze souhrnn\u00e9, anonymizovan\u00e9 \u00fadaje.<\/p>\n<p>Cookies jsou ukl\u00e1d\u00e1ny po dobu 30 dn\u016f po jejich ulo\u017een\u00ed ve va\u0161em za\u0159\u00edzen\u00ed.<\/p>\n<p>Ostatn\u00ed v\u00fd\u0161e neuveden\u00e9 \u00fadaje zpracov\u00e1v\u00e1me nejd\u00e9le do doby, ne\u017e bude v\u00e1\u0161 u\u017eivatelsk\u00fd \u00fa\u010det smaz\u00e1n.<\/p>\n<h4><strong>Komu va\u0161e \u00fadaje p\u0159ed\u00e1v\u00e1me?<\/strong><\/h4>\n<p>Pokud Spr\u00e1vce p\u0159ed\u00e1v\u00e1 osobn\u00ed \u00fadaje t\u0159et\u00edm osob\u00e1m, je to za \u00fa\u010delem pln\u011bn\u00ed n\u011bkter\u00e9ho z\u00a0\u00fa\u010del\u016f uveden\u00fdch v\u00fd\u0161e, typicky pro zpracovatele osobn\u00edch \u00fadaj\u016f nebo jin\u00e9 spr\u00e1vce.Spr\u00e1vce vyu\u017e\u00edv\u00e1 pro dal\u0161\u00ed zpracov\u00e1n\u00ed va\u0161ich osobn\u00edch \u00fadaj\u016f slu\u017eby t\u0159et\u00edch stran i mimo \u00fazem\u00ed Evropsk\u00e9 unie, nap\u0159\u00edklad spole\u010dnost\u00ed Host Europe GmbH, DigitalOcean Inc., Google Inc. a Google Ireland Limited, poskytuj\u00edc\u00edch slu\u017eby nezbytn\u00e9 pro provoz aplikace, hosting serveru, p\u0159\u00edpadn\u011b analytick\u00e9 slu\u017eby a za v\u00fdlu\u010dn\u011b t\u00edmto \u00fa\u010delem jim pot\u0159ebn\u00e9 osobn\u00ed \u00fadaje p\u0159ed\u00e1v\u00e1.<\/p>\n<p>K\u00a0p\u0159ed\u00e1n\u00ed \u00fadaj\u016f doch\u00e1z\u00ed tak\u00e9 na z\u00e1klad\u011b va\u0161eho souhlasu a pokynu, kter\u00fd n\u00e1m ud\u011blujete vyu\u017eit\u00edm p\u0159\u00edslu\u0161n\u00e9 funkce sd\u00edlen\u00ed vybran\u00fdch \u00fadaj\u016f s\u00a0t\u0159et\u00edmi stranami. O t\u00e9to skute\u010dnosti jste v\u00a0aplikaci z\u0159eteln\u011b informov\u00e1ni. Spr\u00e1vce nenese odpov\u011bdnost za zpracov\u00e1n\u00ed prov\u00e1d\u011bn\u00e9 p\u0159\u00edjemcem t\u011bchto \u00fadaj\u016f, kter\u00e9ho si zvol\u00edte, v\u00a0d\u016fsledku absence rozhodnut\u00ed o odpov\u00eddaj\u00edc\u00ed ochran\u011b a vhodn\u00fdch z\u00e1ruk ve smyslu GDPR je takov\u00e9 p\u0159ed\u00e1n\u00ed rizikov\u00e9 a nemus\u00ed poskytovat dostate\u010dnou ochranu va\u0161im osobn\u00edm \u00fadaj\u016fm. Pokud si zvol\u00edte export va\u0161ich dat p\u0159\u00edjemci z\u00a0t\u0159et\u00ed zem\u011b mimo \u00fazem\u00ed Evropsk\u00e9ho hospod\u00e1\u0159sk\u00e9ho prostoru, budete po\u017e\u00e1d\u00e1n\u00ed o v\u00fdslovn\u00fd souhlas p\u0159ed takov\u00fdm p\u0159ed\u00e1n\u00edm.<\/p>\n<h4><strong>Jak\u00e1 m\u00e1te pr\u00e1va?<\/strong><\/h4>\n<p>Dle GDPR m\u00e1te pr\u00e1vo:<\/p>\n<ul>\n<li>po\u017eadovat od Spr\u00e1vce p\u0159\u00edstup k osobn\u00edm \u00fadaj\u016fm dle \u010dl\u00e1nku 15 GDPR<\/li>\n<li>na opravu osobn\u00edch \u00fadaj\u016f dle \u010dl\u00e1nku 16 GDPR<\/li>\n<li>na v\u00fdmaz protipr\u00e1vn\u011b zpracov\u00e1van\u00fdch osobn\u00edch \u00fadaj\u016f dle \u010dl\u00e1nku 17 GDPR<\/li>\n<li>na omezen\u00ed zpracov\u00e1n\u00ed osobn\u00edch \u00fadaj\u016f za podm\u00ednek uveden\u00fdch v \u010dl\u00e1nku 18 GDPR<\/li>\n<li>na p\u0159enositelnost osobn\u00edch \u00fadaj\u016f dle \u010dl\u00e1nku 20 GDPR<\/li>\n<li>vzn\u00e9st n\u00e1mitku proti zpracov\u00e1n\u00ed osobn\u00edch \u00fadaj\u016f dle \u010dl\u00e1nku 21 GDPR<\/li>\n<\/ul>\n<p>&nbsp;<\/p>\n<p>Spr\u00e1vce v\u00e1s t\u00edmto informuje, \u017ee k automatick\u00e9mu rozhodov\u00e1n\u00ed na z\u00e1klad\u011b v\u00fd\u0161e uveden\u00fdch osobn\u00edch \u00fadaj\u016f ve smyslu GDPR doch\u00e1zet nebude.<\/p>\n<p>M\u00e1te rovn\u011b\u017e pr\u00e1vo kdykoliv vzn\u00e9st n\u00e1mitku proti zpracov\u00e1n\u00ed osobn\u00edch \u00fadaj\u016f, v\u010detn\u011b p\u0159\u00edpadn\u00e9ho profilov\u00e1n\u00ed, z d\u016fvod\u016f t\u00fdkaj\u00edc\u00edch se va\u0161\u00ed konkr\u00e9tn\u00ed situace. Pr\u00e1vo kdykoliv vzn\u00e9st n\u00e1mitku z d\u016fvod\u016f t\u00fdkaj\u00edc\u00edch se va\u0161\u00ed konkr\u00e9tn\u00ed situace v\u00e1m n\u00e1le\u017e\u00ed i v\u00a0p\u0159\u00edpad\u011b zpracov\u00e1n\u00ed osobn\u00edch \u00fadaj\u016f pro \u00fa\u010dely p\u0159\u00edm\u00e9ho marketingu, v\u010detn\u011b p\u0159\u00edpadn\u00e9ho profilov\u00e1n\u00ed s\u00a0t\u00edm souvisej\u00edc\u00edho.<\/p>\n<p>Pokud zpracov\u00e1n\u00ed va\u0161ich osobn\u00edch \u00fadaj\u016f poru\u0161uje n\u011bkter\u00e9 ustanoven\u00ed GDPR, m\u016f\u017eete se obr\u00e1tit na Spr\u00e1vce za \u00fa\u010delem sjedn\u00e1n\u00ed n\u00e1pravy. D\u00e1le m\u00e1te mo\u017enost obr\u00e1tit se na kontroln\u00ed org\u00e1n, kter\u00fdm je \u00da\u0159ad pro ochranu osobn\u00edch \u00fadaj\u016f, se s\u00eddlem Pplk. Sochora 27, 170 00 Praha 7.<\/p>\n<p>Tyto z\u00e1sady m\u016f\u017ee spr\u00e1vce v\u00a0p\u0159\u00edpad\u011b pot\u0159eby pr\u016fb\u011b\u017en\u011b aktualizovat. Pros\u00edm v\u011bnujte pozornost jejich aktu\u00e1ln\u00edmu zn\u011bn\u00ed, kter\u00e9 naleznete v\u017edy na odkazu <u><a href=\"http:\/\/www.locusgis.com\/kimaps-privacy-policy\">ZDE<\/a><\/u>. O aktualizac\u00edch t\u011bchto z\u00e1sad v\u00e1s budeme informovat zasl\u00e1n\u00edm zpr\u00e1vy na emailovou adresu, kterou uvedete p\u0159i registraci va\u0161eho u\u017eivatelsk\u00e9ho \u00fa\u010dtu v\u00a0aplikaci nebo notifikacemi v r\u00e1mci aplikace.<\/p>\n<\/p>\n<p><\/p>","protected":false},"excerpt":{"rendered":"<p>Tyto z\u00e1sady zpracov\u00e1n\u00ed osobn\u00edch \u00fadaj\u016f popisuj\u00ed v\u00a0souladu s Na\u0159\u00edzen\u00edm Evropsk\u00e9ho Parlamentu a Rady (EU) 2016\/679 (d\u00e1le [&hellip;]<\/p>\n","protected":false},"author":2,"featured_media":0,"parent":0,"menu_order":0,"comment_status":"open","ping_status":"open","template":"text-page.php","meta":[],"yoast_head":"<!-- This site is optimized with the Yoast SEO plugin v19.6.1 - https:\/\/yoast.com\/wordpress\/plugins\/seo\/ -->\n<title>KiMaps - Privacy Policy KiMaps - Grunds\u00e4tze der Verarbeitung personenbezogener DatenKiMaps - Z\u00e1sady zpracov\u00e1n\u00ed osobn\u00edch \u00fadaj\u016f - Locus GIS<\/title>\n<meta name=\"robots\" content=\"index, follow, max-snippet:-1, max-image-preview:large, max-video-preview:-1\" \/>\n<link rel=\"canonical\" href=\"https:\/\/www.locusgis.com\/kimaps-privacy-policy\/\" \/>\n<meta property=\"og:locale\" content=\"cs_CZ\" \/>\n<meta property=\"og:type\" content=\"article\" \/>\n<meta property=\"og:title\" content=\"KiMaps - Privacy Policy KiMaps - Grunds\u00e4tze der Verarbeitung personenbezogener DatenKiMaps - Z\u00e1sady zpracov\u00e1n\u00ed osobn\u00edch \u00fadaj\u016f - Locus GIS\" \/>\n<meta property=\"og:description\" content=\"Tyto z\u00e1sady zpracov\u00e1n\u00ed osobn\u00edch \u00fadaj\u016f popisuj\u00ed v\u00a0souladu s Na\u0159\u00edzen\u00edm Evropsk\u00e9ho Parlamentu a Rady (EU) 2016\/679 (d\u00e1le [&hellip;]\" \/>\n<meta property=\"og:url\" content=\"https:\/\/www.locusgis.com\/kimaps-privacy-policy\/\" \/>\n<meta property=\"og:site_name\" content=\"Locus GIS\" \/>\n<meta property=\"article:publisher\" content=\"https:\/\/www.facebook.com\/locusgis\" \/>\n<meta property=\"article:modified_time\" content=\"2021-04-28T14:03:04+00:00\" \/>\n<meta name=\"twitter:card\" content=\"summary\" \/>\n<meta name=\"twitter:site\" content=\"@locusgis\" \/>\n<meta name=\"twitter:label1\" content=\"Odhadovan\u00e1 doba \u010dten\u00ed\" \/>\n\t<meta name=\"twitter:data1\" content=\"21 minut\" \/>\n<script type=\"application\/ld+json\" class=\"yoast-schema-graph\">{\"@context\":\"https:\/\/schema.org\",\"@graph\":[{\"@type\":\"WebPage\",\"@id\":\"https:\/\/www.locusgis.com\/kimaps-privacy-policy\/\",\"url\":\"https:\/\/www.locusgis.com\/kimaps-privacy-policy\/\",\"name\":\"KiMaps - Privacy Policy KiMaps - Grunds\u00e4tze der Verarbeitung personenbezogener DatenKiMaps - Z\u00e1sady zpracov\u00e1n\u00ed osobn\u00edch \u00fadaj\u016f - Locus GIS\",\"isPartOf\":{\"@id\":\"http:\/\/www.locusgis.com\/#website\"},\"datePublished\":\"2021-04-01T08:01:39+00:00\",\"dateModified\":\"2021-04-28T14:03:04+00:00\",\"breadcrumb\":{\"@id\":\"https:\/\/www.locusgis.com\/kimaps-privacy-policy\/#breadcrumb\"},\"inLanguage\":\"cs\",\"potentialAction\":[{\"@type\":\"ReadAction\",\"target\":[\"https:\/\/www.locusgis.com\/kimaps-privacy-policy\/\"]}]},{\"@type\":\"BreadcrumbList\",\"@id\":\"https:\/\/www.locusgis.com\/kimaps-privacy-policy\/#breadcrumb\",\"itemListElement\":[{\"@type\":\"ListItem\",\"position\":1,\"name\":\"Home\",\"item\":\"http:\/\/www.locusgis.com\/\"},{\"@type\":\"ListItem\",\"position\":2,\"name\":\"KiMaps &#8211; Privacy Policy\"}]},{\"@type\":\"WebSite\",\"@id\":\"http:\/\/www.locusgis.com\/#website\",\"url\":\"http:\/\/www.locusgis.com\/\",\"name\":\"Locus GIS\",\"description\":\"Online a offline mapy\",\"publisher\":{\"@id\":\"http:\/\/www.locusgis.com\/#organization\"},\"potentialAction\":[{\"@type\":\"SearchAction\",\"target\":{\"@type\":\"EntryPoint\",\"urlTemplate\":\"http:\/\/www.locusgis.com\/?s={search_term_string}\"},\"query-input\":\"required name=search_term_string\"}],\"inLanguage\":\"cs\"},{\"@type\":\"Organization\",\"@id\":\"http:\/\/www.locusgis.com\/#organization\",\"name\":\"Asamm Software\",\"url\":\"http:\/\/www.locusgis.com\/\",\"sameAs\":[\"https:\/\/www.linkedin.com\/company\/asamm-software-s-r-o-\",\"https:\/\/www.facebook.com\/locusgis\",\"https:\/\/twitter.com\/locusgis\"],\"logo\":{\"@type\":\"ImageObject\",\"inLanguage\":\"cs\",\"@id\":\"http:\/\/www.locusgis.com\/#\/schema\/logo\/image\/\",\"url\":\"https:\/\/www.locusgis.com\/wp-content\/uploads\/logo_wide_800.png\",\"contentUrl\":\"https:\/\/www.locusgis.com\/wp-content\/uploads\/logo_wide_800.png\",\"width\":800,\"height\":175,\"caption\":\"Asamm Software\"},\"image\":{\"@id\":\"http:\/\/www.locusgis.com\/#\/schema\/logo\/image\/\"}}]}<\/script>\n<!-- \/ Yoast SEO plugin. -->","yoast_head_json":{"title":"KiMaps - Privacy Policy KiMaps - Grunds\u00e4tze der Verarbeitung personenbezogener DatenKiMaps - Z\u00e1sady zpracov\u00e1n\u00ed osobn\u00edch \u00fadaj\u016f - Locus GIS","robots":{"index":"index","follow":"follow","max-snippet":"max-snippet:-1","max-image-preview":"max-image-preview:large","max-video-preview":"max-video-preview:-1"},"canonical":"https:\/\/www.locusgis.com\/kimaps-privacy-policy\/","og_locale":"cs_CZ","og_type":"article","og_title":"KiMaps - Privacy Policy KiMaps - Grunds\u00e4tze der Verarbeitung personenbezogener DatenKiMaps - Z\u00e1sady zpracov\u00e1n\u00ed osobn\u00edch \u00fadaj\u016f - Locus GIS","og_description":"Tyto z\u00e1sady zpracov\u00e1n\u00ed osobn\u00edch \u00fadaj\u016f popisuj\u00ed v\u00a0souladu s Na\u0159\u00edzen\u00edm Evropsk\u00e9ho Parlamentu a Rady (EU) 2016\/679 (d\u00e1le [&hellip;]","og_url":"https:\/\/www.locusgis.com\/kimaps-privacy-policy\/","og_site_name":"Locus GIS","article_publisher":"https:\/\/www.facebook.com\/locusgis","article_modified_time":"2021-04-28T14:03:04+00:00","twitter_card":"summary","twitter_site":"@locusgis","twitter_misc":{"Odhadovan\u00e1 doba \u010dten\u00ed":"21 minut"},"schema":{"@context":"https:\/\/schema.org","@graph":[{"@type":"WebPage","@id":"https:\/\/www.locusgis.com\/kimaps-privacy-policy\/","url":"https:\/\/www.locusgis.com\/kimaps-privacy-policy\/","name":"KiMaps - Privacy Policy KiMaps - Grunds\u00e4tze der Verarbeitung personenbezogener DatenKiMaps - Z\u00e1sady zpracov\u00e1n\u00ed osobn\u00edch \u00fadaj\u016f - Locus GIS","isPartOf":{"@id":"http:\/\/www.locusgis.com\/#website"},"datePublished":"2021-04-01T08:01:39+00:00","dateModified":"2021-04-28T14:03:04+00:00","breadcrumb":{"@id":"https:\/\/www.locusgis.com\/kimaps-privacy-policy\/#breadcrumb"},"inLanguage":"cs","potentialAction":[{"@type":"ReadAction","target":["https:\/\/www.locusgis.com\/kimaps-privacy-policy\/"]}]},{"@type":"BreadcrumbList","@id":"https:\/\/www.locusgis.com\/kimaps-privacy-policy\/#breadcrumb","itemListElement":[{"@type":"ListItem","position":1,"name":"Home","item":"http:\/\/www.locusgis.com\/"},{"@type":"ListItem","position":2,"name":"KiMaps &#8211; Privacy Policy"}]},{"@type":"WebSite","@id":"http:\/\/www.locusgis.com\/#website","url":"http:\/\/www.locusgis.com\/","name":"Locus GIS","description":"Online a offline mapy","publisher":{"@id":"http:\/\/www.locusgis.com\/#organization"},"potentialAction":[{"@type":"SearchAction","target":{"@type":"EntryPoint","urlTemplate":"http:\/\/www.locusgis.com\/?s={search_term_string}"},"query-input":"required name=search_term_string"}],"inLanguage":"cs"},{"@type":"Organization","@id":"http:\/\/www.locusgis.com\/#organization","name":"Asamm Software","url":"http:\/\/www.locusgis.com\/","sameAs":["https:\/\/www.linkedin.com\/company\/asamm-software-s-r-o-","https:\/\/www.facebook.com\/locusgis","https:\/\/twitter.com\/locusgis"],"logo":{"@type":"ImageObject","inLanguage":"cs","@id":"http:\/\/www.locusgis.com\/#\/schema\/logo\/image\/","url":"https:\/\/www.locusgis.com\/wp-content\/uploads\/logo_wide_800.png","contentUrl":"https:\/\/www.locusgis.com\/wp-content\/uploads\/logo_wide_800.png","width":800,"height":175,"caption":"Asamm Software"},"image":{"@id":"http:\/\/www.locusgis.com\/#\/schema\/logo\/image\/"}}]}},"_links":{"self":[{"href":"https:\/\/www.locusgis.com\/cz\/wp-json\/wp\/v2\/pages\/10922"}],"collection":[{"href":"https:\/\/www.locusgis.com\/cz\/wp-json\/wp\/v2\/pages"}],"about":[{"href":"https:\/\/www.locusgis.com\/cz\/wp-json\/wp\/v2\/types\/page"}],"author":[{"embeddable":true,"href":"https:\/\/www.locusgis.com\/cz\/wp-json\/wp\/v2\/users\/2"}],"replies":[{"embeddable":true,"href":"https:\/\/www.locusgis.com\/cz\/wp-json\/wp\/v2\/comments?post=10922"}],"version-history":[{"count":12,"href":"https:\/\/www.locusgis.com\/cz\/wp-json\/wp\/v2\/pages\/10922\/revisions"}],"predecessor-version":[{"id":10924,"href":"https:\/\/www.locusgis.com\/cz\/wp-json\/wp\/v2\/pages\/10922\/revisions\/10924"}],"wp:attachment":[{"href":"https:\/\/www.locusgis.com\/cz\/wp-json\/wp\/v2\/media?parent=10922"}],"curies":[{"name":"wp","href":"https:\/\/api.w.org\/{rel}","templated":true}]}}