{"id":42,"date":"2014-12-30T20:51:23","date_gmt":"2014-12-30T19:51:23","guid":{"rendered":"http:\/\/test.locusmap.eu\/?page_id=42"},"modified":"2020-05-07T09:42:18","modified_gmt":"2020-05-07T08:42:18","slug":"stahnout","status":"publish","type":"page","link":"https:\/\/www.locusgis.com\/cz\/download\/","title":{"rendered":"(unused)"},"content":{"rendered":"<p><\/p>\n<p>Jak a kde st\u00e1hnout Locus Map, podrobn\u00e9 srovn\u00e1n\u00ed Proi a Free verze, seznam funkc\u00ed aplikace<\/p>\n<p><\/p>","protected":false},"excerpt":{"rendered":"<p>Jak a kde st\u00e1hnout Locus Map, podrobn\u00e9 srovn\u00e1n\u00ed Proi a Free verze, seznam funkc\u00ed aplikace<\/p>\n","protected":false},"author":3,"featured_media":0,"parent":0,"menu_order":0,"comment_status":"open","ping_status":"open","template":"","meta":[],"yoast_head":"<!-- This site is optimized with the Yoast SEO plugin v19.6.1 - https:\/\/yoast.com\/wordpress\/plugins\/seo\/ -->\n<title>Locus Map download<\/title>\n<meta name=\"description\" content=\"Locus Map download options, detailed comparison of pro and free versions, list of application functions\" \/>\n<meta name=\"robots\" content=\"index, follow, max-snippet:-1, max-image-preview:large, max-video-preview:-1\" \/>\n<link rel=\"canonical\" href=\"https:\/\/www.locusgis.com\/download\/\" \/>\n<meta property=\"og:locale\" content=\"cs_CZ\" \/>\n<meta property=\"og:type\" content=\"article\" \/>\n<meta property=\"og:title\" content=\"Locus Map download\" \/>\n<meta property=\"og:description\" content=\"Locus Map download options, detailed comparison of pro and free versions, list of application functions\" \/>\n<meta property=\"og:url\" content=\"https:\/\/www.locusgis.com\/download\/\" \/>\n<meta property=\"og:site_name\" content=\"Locus GIS\" \/>\n<meta property=\"article:publisher\" content=\"https:\/\/www.facebook.com\/locusgis\" \/>\n<meta property=\"article:modified_time\" content=\"2020-05-07T08:42:18+00:00\" \/>\n<meta name=\"twitter:card\" content=\"summary\" \/>\n<meta name=\"twitter:site\" content=\"@locusgis\" \/>\n<script type=\"application\/ld+json\" class=\"yoast-schema-graph\">{\"@context\":\"https:\/\/schema.org\",\"@graph\":[{\"@type\":\"WebPage\",\"@id\":\"https:\/\/www.locusgis.com\/download\/\",\"url\":\"https:\/\/www.locusgis.com\/download\/\",\"name\":\"Locus Map download\",\"isPartOf\":{\"@id\":\"http:\/\/www.locusgis.com\/#website\"},\"datePublished\":\"2014-12-30T19:51:23+00:00\",\"dateModified\":\"2020-05-07T08:42:18+00:00\",\"description\":\"Locus Map download options, detailed comparison of pro and free versions, list of application functions\",\"breadcrumb\":{\"@id\":\"https:\/\/www.locusgis.com\/download\/#breadcrumb\"},\"inLanguage\":\"cs\",\"potentialAction\":[{\"@type\":\"ReadAction\",\"target\":[\"https:\/\/www.locusgis.com\/download\/\"]}]},{\"@type\":\"BreadcrumbList\",\"@id\":\"https:\/\/www.locusgis.com\/download\/#breadcrumb\",\"itemListElement\":[{\"@type\":\"ListItem\",\"position\":1,\"name\":\"Home\",\"item\":\"http:\/\/www.locusgis.com\/\"},{\"@type\":\"ListItem\",\"position\":2,\"name\":\"(unused)\"}]},{\"@type\":\"WebSite\",\"@id\":\"http:\/\/www.locusgis.com\/#website\",\"url\":\"http:\/\/www.locusgis.com\/\",\"name\":\"Locus GIS\",\"description\":\"Online a offline mapy\",\"publisher\":{\"@id\":\"http:\/\/www.locusgis.com\/#organization\"},\"potentialAction\":[{\"@type\":\"SearchAction\",\"target\":{\"@type\":\"EntryPoint\",\"urlTemplate\":\"http:\/\/www.locusgis.com\/?s={search_term_string}\"},\"query-input\":\"required name=search_term_string\"}],\"inLanguage\":\"cs\"},{\"@type\":\"Organization\",\"@id\":\"http:\/\/www.locusgis.com\/#organization\",\"name\":\"Asamm Software\",\"url\":\"http:\/\/www.locusgis.com\/\",\"sameAs\":[\"https:\/\/www.linkedin.com\/company\/asamm-software-s-r-o-\",\"https:\/\/www.facebook.com\/locusgis\",\"https:\/\/twitter.com\/locusgis\"],\"logo\":{\"@type\":\"ImageObject\",\"inLanguage\":\"cs\",\"@id\":\"http:\/\/www.locusgis.com\/#\/schema\/logo\/image\/\",\"url\":\"https:\/\/www.locusgis.com\/wp-content\/uploads\/logo_wide_800.png\",\"contentUrl\":\"https:\/\/www.locusgis.com\/wp-content\/uploads\/logo_wide_800.png\",\"width\":800,\"height\":175,\"caption\":\"Asamm Software\"},\"image\":{\"@id\":\"http:\/\/www.locusgis.com\/#\/schema\/logo\/image\/\"}}]}<\/script>\n<!-- \/ Yoast SEO plugin. -->","yoast_head_json":{"title":"Locus Map download","description":"Locus Map download options, detailed comparison of pro and free versions, list of application functions","robots":{"index":"index","follow":"follow","max-snippet":"max-snippet:-1","max-image-preview":"max-image-preview:large","max-video-preview":"max-video-preview:-1"},"canonical":"https:\/\/www.locusgis.com\/download\/","og_locale":"cs_CZ","og_type":"article","og_title":"Locus Map download","og_description":"Locus Map download options, detailed comparison of pro and free versions, list of application functions","og_url":"https:\/\/www.locusgis.com\/download\/","og_site_name":"Locus GIS","article_publisher":"https:\/\/www.facebook.com\/locusgis","article_modified_time":"2020-05-07T08:42:18+00:00","twitter_card":"summary","twitter_site":"@locusgis","schema":{"@context":"https:\/\/schema.org","@graph":[{"@type":"WebPage","@id":"https:\/\/www.locusgis.com\/download\/","url":"https:\/\/www.locusgis.com\/download\/","name":"Locus Map download","isPartOf":{"@id":"http:\/\/www.locusgis.com\/#website"},"datePublished":"2014-12-30T19:51:23+00:00","dateModified":"2020-05-07T08:42:18+00:00","description":"Locus Map download options, detailed comparison of pro and free versions, list of application functions","breadcrumb":{"@id":"https:\/\/www.locusgis.com\/download\/#breadcrumb"},"inLanguage":"cs","potentialAction":[{"@type":"ReadAction","target":["https:\/\/www.locusgis.com\/download\/"]}]},{"@type":"BreadcrumbList","@id":"https:\/\/www.locusgis.com\/download\/#breadcrumb","itemListElement":[{"@type":"ListItem","position":1,"name":"Home","item":"http:\/\/www.locusgis.com\/"},{"@type":"ListItem","position":2,"name":"(unused)"}]},{"@type":"WebSite","@id":"http:\/\/www.locusgis.com\/#website","url":"http:\/\/www.locusgis.com\/","name":"Locus GIS","description":"Online a offline mapy","publisher":{"@id":"http:\/\/www.locusgis.com\/#organization"},"potentialAction":[{"@type":"SearchAction","target":{"@type":"EntryPoint","urlTemplate":"http:\/\/www.locusgis.com\/?s={search_term_string}"},"query-input":"required name=search_term_string"}],"inLanguage":"cs"},{"@type":"Organization","@id":"http:\/\/www.locusgis.com\/#organization","name":"Asamm Software","url":"http:\/\/www.locusgis.com\/","sameAs":["https:\/\/www.linkedin.com\/company\/asamm-software-s-r-o-","https:\/\/www.facebook.com\/locusgis","https:\/\/twitter.com\/locusgis"],"logo":{"@type":"ImageObject","inLanguage":"cs","@id":"http:\/\/www.locusgis.com\/#\/schema\/logo\/image\/","url":"https:\/\/www.locusgis.com\/wp-content\/uploads\/logo_wide_800.png","contentUrl":"https:\/\/www.locusgis.com\/wp-content\/uploads\/logo_wide_800.png","width":800,"height":175,"caption":"Asamm Software"},"image":{"@id":"http:\/\/www.locusgis.com\/#\/schema\/logo\/image\/"}}]}},"_links":{"self":[{"href":"https:\/\/www.locusgis.com\/cz\/wp-json\/wp\/v2\/pages\/42"}],"collection":[{"href":"https:\/\/www.locusgis.com\/cz\/wp-json\/wp\/v2\/pages"}],"about":[{"href":"https:\/\/www.locusgis.com\/cz\/wp-json\/wp\/v2\/types\/page"}],"author":[{"embeddable":true,"href":"https:\/\/www.locusgis.com\/cz\/wp-json\/wp\/v2\/users\/3"}],"replies":[{"embeddable":true,"href":"https:\/\/www.locusgis.com\/cz\/wp-json\/wp\/v2\/comments?post=42"}],"version-history":[{"count":27,"href":"https:\/\/www.locusgis.com\/cz\/wp-json\/wp\/v2\/pages\/42\/revisions"}],"predecessor-version":[{"id":10759,"href":"https:\/\/www.locusgis.com\/cz\/wp-json\/wp\/v2\/pages\/42\/revisions\/10759"}],"wp:attachment":[{"href":"https:\/\/www.locusgis.com\/cz\/wp-json\/wp\/v2\/media?parent=42"}],"curies":[{"name":"wp","href":"https:\/\/api.w.org\/{rel}","templated":true}]}}