{"id":10901,"date":"2021-03-19T11:56:30","date_gmt":"2021-03-19T10:56:30","guid":{"rendered":"http:\/\/www.locusgis.com\/?page_id=10901"},"modified":"2023-11-28T17:33:37","modified_gmt":"2023-11-28T16:33:37","slug":"privacy-policy","status":"publish","type":"page","link":"https:\/\/www.locusgis.com\/de\/privacy-policy\/","title":{"rendered":"Grunds\u00e4tze der Verarbeitung personenbezogener Daten"},"content":{"rendered":"<p><\/p>\n<p><span style=\"font-weight: 400;\">Diese Grunds\u00e4tze der Verarbeitung personenbezogener Daten beschreiben in Einklang mit der Verordnung (EU) 2016\/679 des Europ\u00e4ischen Parlaments und des Rates (im Folgenden nur \u201e<\/span><b>DSGVO<\/b><span style=\"font-weight: 400;\">\u201c) alle relevanten Informationen \u00fcber die Verarbeitung der personenbezogenen Daten von Ihnen als der betroffenen Person in der Applikation Locus GIS und in den in Zusammenhang stehenden Diensten, einschlie\u00dflich der Web-Plattform (gemeinsam im Folgenden nur \u201e<\/span><b>Applikation<\/b><span style=\"font-weight: 400;\">\u201c). Diese Richtlinie zur Verarbeitung personenbezogener Daten gilt nicht f\u00fcr den Locus GIS-Helpdesk, der als separater Dienst angeboten wird.<\/span><\/p>\n<h4>Wer ist f\u00fcr die Verarbeitung Ihrer Daten verantwortlich?<\/h4>\n<p><span style=\"font-weight: 400;\">Der Verantwortliche f\u00fcr die personenbezogenen Daten ist die Gesellschaft Asamm Software, s.r.o., Identifikationsnummer: 24225321, mit Sitz Krhanick\u00e1 719\/25, Kam\u00fdk, 142 00 Praha 4, Tschechien (im Folgenden nur \u201e<\/span><b>Verantwortliche<\/b><span style=\"font-weight: 400;\">\u201c oder \u201e<\/span><b>wir<\/b><span style=\"font-weight: 400;\">\u201c)<\/span><span style=\"font-weight: 400;\">.<\/span><\/p>\n<h4>F\u00fcr welche Zwecke verarbeiten wir Ihre personenbezogenen Daten?<\/h4>\n<p><span style=\"font-weight: 400;\">Die Verarbeitung personenbezogener Daten dient dazu, Ihnen die Nutzung der Applikation und in Zusammenhang stehender Dienste zu erm\u00f6glichen und die Funktionen der Applikation zu warten und zu verbessern, weiter sie auch f\u00fcr die Kommunikation mit Ihnen als dem Kunden des Verantwortlichen zu gebrauchen.&nbsp;<\/span><\/p>\n<p><span style=\"font-weight: 400;\">Diese Daten sind f\u00fcr die Schaffung Ihres Benutzerkontos notwendig, \u00fcber das Ihnen die Nutzung einiger Funktionen der Applikation erm\u00f6glicht wird.&nbsp;<\/span><\/p>\n<p><span style=\"font-weight: 400;\">Ein Profiling erfolgt nur im Rahmen der Nutzung der Funktion Locus Store (Verbesserung der Kaufangebote auf der Grundlage der Kaufhistorie im&nbsp;Locus Store).<\/span><\/p>\n<h4>Welche personenbezogenen Daten verarbeiten wir?<\/h4>\n<p>Wenn Sie die Anwendung nutzen, erheben und verarbeiten wir einige oder alle der folgenden Daten, die Sie bei der Registrierung angeben, die w\u00e4hrend der Nutzung der Anwendung erzeugt werden oder die Sie in die Anwendung eingeben.<\/p>\n<p>Zu den obligatorischen Daten, die f\u00fcr die Registrierung Ihres Kontos in der Anwendung erforderlich sind, geh\u00f6ren ein Name oder ein Spitzname und eine E-Mail-Adresse. Das Gleiche gilt f\u00fcr die Anmeldung bei der Anwendung \u00fcber Dienste Dritter und soziale Netzwerke wie Google oder Facebook.<\/p>\n<p>Da die Anwendung eine Art Karten- und Navigationssoftware ist, verwendet sie Standortdaten von Ihrem Mobilger\u00e4t, um Ihre Position zu bestimmen.<\/p>\n<p>Wenn Sie die entsprechenden Funktionen der Anwendung nutzen, erheben wir Daten \u00fcber Ihre \u00fcber die Anwendung get\u00e4tigten K\u00e4ufe, die Art und Weise, wie Sie die Anwendung nutzen, Standortdaten und den Suchverlauf.<\/p>\n<p>Wenn Sie die entsprechenden Funktionen nutzen, k\u00f6nnen Sie auch Multimedia-Inhalte in die Anwendung hochladen, z. B. Ihre Fotos an bestimmten Orten.<\/p>\n<p>Die Anwendung verwendet Firebase Analytics, eine von Google bereitgestellte Analysesoftware, die bestimmte Daten \u00fcber Ger\u00e4te und die Art und Weise, wie die Anwendung vom Nutzer verwendet wird, analysiert. Diese Daten werden ausschlie\u00dflich f\u00fcr analytische Zwecke verwendet.<\/p>\n<p>Die App sammelt Standortdaten f\u00fcr die Aufzeichnung von Polygonen\/Linien und die F\u00fchrung auf ein Ziel oder entlang einer Linie, auch wenn die App im Hintergrund l\u00e4uft.<\/p>\n<p>F\u00fcr die Nutzung bestimmter Funktionen, wie z.B. Funktionen im Zusammenhang mit dem Cloud-Speicherdienst, werden Sie aufgefordert, sich bei Drittanbieterdiensten anzumelden. Die Anmeldung erfolgt direkt im System des Drittanbieters, wobei wir in diesem Fall \u00fcber die Anwendung nur die aus dem Anmeldevorgang gewonnene Verifizierungskennung oder Ihren Benutzernamen und Ihr Profilfoto von einem bestimmten Drittanbieterdienst verarbeiten, um sie in der Anwendung anzuzeigen.<\/p>\n<h4>Was ist die Rechtsgrundlage f\u00fcr die Verarbeitung Ihrer Daten?<\/h4>\n<p><span style=\"font-weight: 400;\">Die Verarbeitung einiger Ihrer personenbezogenen Daten ist f\u00fcr die Erf\u00fcllung des Lizenzvertrags notwendig, den Sie mit uns geschlossen haben (im Folgenden nur \u201e<\/span><b>Vertrag<\/b><span style=\"font-weight: 400;\">\u201c), insbesondere daf\u00fcr, dass Sie die entsprechenden Funktionen der Applikation nutzen k\u00f6nnen. Eine solche Verarbeitung steht in Einklang mit Artikel 6 Abs. 1 Buchst. b) DSGVO.<\/span><\/p>\n<p><span style=\"font-weight: 400;\">Den Teil Ihrer personenbezogenen Daten, der analytische Daten betrifft, verarbeiten wir gem\u00e4\u00df Artikel 6 Abs. 1 Buchst. f) DSGVO, also auf der Grundlage der berechtigten Interessen des Verantwortlichen, die Applikation zu verbessern und zu warten, oder f\u00fcr einen eventuellen Schutz der Eigentumsrechte nach Erf\u00fcllung des Vertrags und f\u00fcr eine Monetarisierung der Applikation durch Reklame.<\/span><\/p>\n<p><span style=\"font-weight: 400;\">Auf der Grundlage der oben angef\u00fchrten berechtigten Interessen des Verantwortlichen wird Ihnen der Verantwortliche gelegentlich sog. Newsletter zuschicken, in denen er Sie \u00fcber Neuheiten in der Applikation informiert.<\/span><\/p>\n<h4>Wie lange bewahren wir personenbezogene Daten auf?<\/h4>\n<p><span style=\"font-weight: 400;\">Daten, die f\u00fcr die Erf\u00fcllung des Vertrags notwendig sind, werden nur w\u00e4hrend der Dauer des Vertrags verarbeitet, sofern im Folgenden nichts anderes bestimmt wird. Die grundlegenden Identifikationsdaten werden weiter noch drei Jahre nach Beendigung des Vertrags verarbeitet, was der Verj\u00e4hrungsfrist von Eigentumsrechten aus dem Vertrag entspricht.&nbsp;<\/span><\/p>\n<p><span style=\"font-weight: 400;\">Den freiwilligen Teil der Daten k\u00f6nnen Sie jederzeit \u00e4ndern, zum Beispiel durch L\u00f6schen des eingegebenen Fotos aus der Applikation. In solch einem Fall beendet der Verantwortliche die Verarbeitung dieser Daten sp\u00e4testens im Augenblick des Erl\u00f6schens der regelm\u00e4\u00dfig gespeicherten Daten.<\/span><\/p>\n<p><span style=\"font-weight: 400;\">Jegliche f\u00fcr die Zwecke der Analytik verarbeiteten personenbezogenen Daten werden nur bis zur Schaffung der statistischen Daten gespeichert, anschlie\u00dfend werden sie automatisch beseitigt. Der Verantwortliche analysiert dann nur die akkumulierten anonymisierten Daten.<\/span><\/p>\n<p><span style=\"font-weight: 400;\">Cookies werden f\u00fcr eine Zeit von 30 Tagen ab der Speicherung auf Ihrem Ger\u00e4t aufbewahrt.<\/span><\/p>\n<p><span style=\"font-weight: 400;\">Die weiteren oben angef\u00fchrten Daten verarbeiten wir nur bis zur L\u00f6schung Ihres Benutzerkontos.<\/span><\/p>\n<h4>Wem \u00fcbergeben wir Ihre Daten?<\/h4>\n<p><span style=\"font-weight: 400;\">Wenn der Verantwortliche personenbezogene Daten dritten Personen \u00fcbergibt, so geschieht dies zu einem der oben angef\u00fchrten Zwecke, typischer Weise an einen Auftragsverarbeiter personenbezogener Daten oder andere Verantwortliche. Der Verantwortliche nutzt f\u00fcr die weitere Verarbeitung Ihrer personenbezogenen Daten die Dienste dritter Seiten auch au\u00dferhalb der Europ\u00e4ischen Union, zum Beispiel der Gesellschaften Host Europe GmbH, DigitalOcean Inc., Google Inc. und Google Ireland Limited, die Dienste gew\u00e4hren, die f\u00fcr den Betrieb der Applikation, Server-Hosting, gegebenenfalls analytische Dienste n\u00f6tig sind. Nur f\u00fcr diesen Zweck werden ihnen die n\u00f6tigen personenbezogenen Daten \u00fcbergeben.<\/span><\/p>\n<p><span style=\"font-weight: 400;\">Bei der Anmeldung beim Benutzerkonto in der&nbsp;Applikation und auf den Webseiten des Verantwortlichen unter der Adresse <\/span><span style=\"font-weight: 400;\"><a href=\"http:\/\/www.locusmap.eu\/live-tracking\/\">http:\/\/www.locusg<\/a>is.com<\/span><span style=\"font-weight: 400;\">&nbsp;(im Folgenden nur \u201e<\/span><b>Web-Seiten<\/b><span style=\"font-weight: 400;\">\u201c) verwendet der Verantwortliche die Dienste Firebase Authentication der Gesellschaft Google<\/span> <span style=\"font-weight: 400;\">Ireland Limited, die f\u00fcr Ihre Identifikation in den verschiedenen&nbsp; Diensten des Verantwortlichen und dritter Seiten einen eindeutigen Identifikator (ID token) benutzt, der Ihre grundlegenden Identifikationsdaten enth\u00e4lt, insbesondere Vor- und Zuname, E-Mail-Adresse, IP-Adresse und eventuell ein Profilfoto. Zu diesem Zweck bewahren wir Ihre IP-Adresse einige Wochen nach der Anmeldung und die weiteren angef\u00fchrten Daten bis zum Zeitpunkt auf, an dem Ihr in der Applikation verwendetes Benutzerkonto voll beseitigt wird, und danach f\u00fcr eine Zeit von 180 Tagen im Rahmen der auslaufenden Speicherung der Daten auf unseren Servern.<\/span><\/p>\n<p><span style=\"font-weight: 400;\">Wenn Sie in der Applikation die Funktion \u201eMeldung von Ereignissen\u201c eingestellt haben, werden Ihre Lokalisationsdaten und gegebenenfalls biometrischen Daten an die Kontakte \u00fcbergeben, die Sie in der Applikation bestimmen.<\/span><\/p>\n<p><span style=\"font-weight: 400;\">Die \u00dcbergabe der Daten erfolgt auf der Grundlage Ihres Einverst\u00e4ndnisses und Ihrer Anweisung, die Sie uns unter Verwendung der entsprechenden Funktion der Teilung ausgew\u00e4hlter Daten mit dritten Seiten erteilen. Hier\u00fcber werden Sie in der&nbsp;Applikation deutlich informiert. Der Verantwortliche tr\u00e4gt keine Verantwortung f\u00fcr die Verarbeitung durch den von Ihnen gew\u00e4hlten Empf\u00e4nger dieser Daten. Wegen des Fehlens eines Beschlusses \u00fcber einen angemessenen Schutz und geeignete Garantien im Sinne der DSGVO ist eine solche \u00dcbergabe risikobelastet und muss keinen ausreichenden Schutz f\u00fcr Ihre personenbezogenen Daten bieten. Wenn Sie einen Export Ihrer Daten an einen Empf\u00e4nger aus einem dritten Land au\u00dferhalb des Europ\u00e4ischen Wirtschaftsraums w\u00e4hlen, wird von Ihnen vor der \u00dcbergabe ein ausdr\u00fcckliches Einverst\u00e4ndnis gefordert.<\/span><\/p>\n<h4>Welche Rechte haben Sie?<\/h4>\n<p><span style=\"font-weight: 400;\">Gem\u00e4\u00df DSGVO haben Sie die folgenden Rechte:<\/span><\/p>\n<ul>\n<li style=\"font-weight: 400;\"><span style=\"font-weight: 400;\">vom Verantwortlichen Zugang zu den personenbezogenen Daten gem\u00e4\u00df Artikel 15 DSGVO zu fordern<\/span><\/li>\n<li style=\"font-weight: 400;\"><span style=\"font-weight: 400;\">Berichtigung der personenbezogenen Daten gem\u00e4\u00df Artikel 16 DSGVO<\/span><\/li>\n<li style=\"font-weight: 400;\"><span style=\"font-weight: 400;\">L\u00f6schung rechtswidrig verarbeiteter&nbsp; personenbezogener Daten gem\u00e4\u00df Artikel 17 DSGVO<\/span><\/li>\n<li style=\"font-weight: 400;\"><span style=\"font-weight: 400;\">Einschr\u00e4nkung der Verarbeitung der personenbezogenen Daten unter den in Artikel 18 DSGVO angef\u00fchrten Bedingungen<\/span><\/li>\n<li style=\"font-weight: 400;\"><span style=\"font-weight: 400;\">Recht auf \u00dcbertragbarkeit der personenbezogenen Daten gem\u00e4\u00df Artikel 20 DSGVO<\/span><\/li>\n<li style=\"font-weight: 400;\"><span style=\"font-weight: 400;\">Widerspruchsrecht gegen die Verarbeitung der personenbezogenen Daten gem\u00e4\u00df Artikel 21 DSGVO<\/span><\/li>\n<\/ul>\n<p><span style=\"font-weight: 400;\">Der Verantwortliche informiert Sie hiermit, dass es keine automatisierte Entscheidungsfindung auf der Grundlage der oben angef\u00fchrten personenbezogenen Daten im Sinne der DSGVO geben wird.&nbsp;<\/span><\/p>\n<p><span style=\"font-weight: 400;\">Sie haben ebenfalls das Recht, jederzeit Einspruch gegen die Verarbeitung der personenbezogenen Daten, einschlie\u00dflich eines eventuellen Profiling, aus Gr\u00fcnden zu erheben, die Ihre konkrete Situation betreffen. Das jederzeitige Einspruchsrecht aus Gr\u00fcnden, die Ihre konkrete Situation betreffen, besitzen Sie auch im Falle der Verarbeitung der personenbezogenen Daten f\u00fcr Zwecke des Direktmarketings, einschlie\u00dflich eines eventuellen hiermit zusammenh\u00e4ngenden Profiling.<\/span><\/p>\n<p><span style=\"font-weight: 400;\">Wenn die Verarbeitung Ihrer personenbezogenen Daten eine Bestimmung der DSGVO verletzt, k\u00f6nnen Sie sich an den Verantwortliche wenden, damit dieser die Sache berichtigt. Weiter haben Sie die M\u00f6glichkeit, sich an das Kontrollorgan zu wenden, n\u00e4mlich an das Amt zum Schutz personenbezogener Daten, mit Sitz Pplk. Sochora 27, 170 00 Praha 7.<\/span><\/p>\n<p><span style=\"font-weight: 400;\">Der Verantwortliche kann diese Grunds\u00e4tze im Bedarfsfall aktualisieren. Beachten Sie bitte die aktuelle Version, die Sie immer <\/span><a href=\"http:\/\/www.locusgis.com\/privacy-policy\/\"><span style=\"font-weight: 400;\">HIER<\/span><\/a><span style=\"font-weight: 400;\"> finden. \u00dcber die Aktualisierung dieser Grunds\u00e4tze werden wir Sie durch Zusendung einer Nachricht an die E-Mail-Adresse informieren, die Sie bei der Registrierung Ihres Benutzerkontos in der Applikation oder durch Mitteilungen im Rahmen der Applikation angegeben haben.&nbsp;<\/span><\/p>\n<h4>Wie kann man die L\u00f6schung personenbezogener Daten beantragen?<\/h4>\n<p>Sie k\u00f6nnen die L\u00f6schung aller Ihrer personenbezogenen Daten einschlie\u00dflich Ihres Kontos beantragen, indem Sie einen entsprechenden Antrag an <a href=\"mailto:help@locusgis.com\">help@locusgis.com<\/a> senden.<\/p>\n<p>Nachdem Sie einen Antrag auf L\u00f6schung gestellt haben, l\u00f6schen wir Ihre personenbezogenen Daten dauerhaft und unwiderruflich aus unseren Systemen. Die auf Ihrem Ger\u00e4t gespeicherten Daten werden entweder durch Deinstallation der Anwendung oder durch L\u00f6schen des Arbeitsverzeichnisses der Locus GIS Anwendung gel\u00f6scht. Nach der L\u00f6schung k\u00f6nnen Ihre unter dem Konto gespeicherten Daten nicht wiederhergestellt werden.<br \/>\n<\/p>","protected":false},"excerpt":{"rendered":"<p>Diese Grunds\u00e4tze der Verarbeitung personenbezogener Daten beschreiben in Einklang mit der Verordnung (EU) 2016\/679 des Europ\u00e4ischen [&hellip;]<\/p>\n","protected":false},"author":2,"featured_media":0,"parent":0,"menu_order":0,"comment_status":"open","ping_status":"open","template":"text-page.php","meta":[],"yoast_head":"<!-- This site is optimized with the Yoast SEO plugin v19.6.1 - https:\/\/yoast.com\/wordpress\/plugins\/seo\/ -->\n<title>Privacy Policy Grunds\u00e4tze der Verarbeitung personenbezogener DatenZ\u00e1sady zpracov\u00e1n\u00ed osobn\u00edch \u00fadaj\u016f - Locus GIS<\/title>\n<meta name=\"robots\" content=\"index, follow, max-snippet:-1, max-image-preview:large, max-video-preview:-1\" \/>\n<link rel=\"canonical\" href=\"http:\/\/www.locusgis.com\/privacy-policy\/\" \/>\n<meta property=\"og:locale\" content=\"de_DE\" \/>\n<meta property=\"og:type\" content=\"article\" \/>\n<meta property=\"og:title\" content=\"Privacy Policy Grunds\u00e4tze der Verarbeitung personenbezogener DatenZ\u00e1sady zpracov\u00e1n\u00ed osobn\u00edch \u00fadaj\u016f - Locus GIS\" \/>\n<meta property=\"og:description\" content=\"Diese Grunds\u00e4tze der Verarbeitung personenbezogener Daten beschreiben in Einklang mit der Verordnung (EU) 2016\/679 des Europ\u00e4ischen [&hellip;]\" \/>\n<meta property=\"og:url\" content=\"http:\/\/www.locusgis.com\/privacy-policy\/\" \/>\n<meta property=\"og:site_name\" content=\"Locus GIS\" \/>\n<meta property=\"article:publisher\" content=\"https:\/\/www.facebook.com\/locusgis\" \/>\n<meta property=\"article:modified_time\" content=\"2023-11-28T16:33:37+00:00\" \/>\n<meta name=\"twitter:card\" content=\"summary\" \/>\n<meta name=\"twitter:site\" content=\"@locusgis\" \/>\n<meta name=\"twitter:label1\" content=\"Gesch\u00e4tzte Lesezeit\" \/>\n\t<meta name=\"twitter:data1\" content=\"19\u00a0Minuten\" \/>\n<script type=\"application\/ld+json\" class=\"yoast-schema-graph\">{\"@context\":\"https:\/\/schema.org\",\"@graph\":[{\"@type\":\"WebPage\",\"@id\":\"http:\/\/www.locusgis.com\/privacy-policy\/\",\"url\":\"http:\/\/www.locusgis.com\/privacy-policy\/\",\"name\":\"Privacy Policy Grunds\u00e4tze der Verarbeitung personenbezogener DatenZ\u00e1sady zpracov\u00e1n\u00ed osobn\u00edch \u00fadaj\u016f - Locus GIS\",\"isPartOf\":{\"@id\":\"http:\/\/www.locusgis.com\/#website\"},\"datePublished\":\"2021-03-19T10:56:30+00:00\",\"dateModified\":\"2023-11-28T16:33:37+00:00\",\"breadcrumb\":{\"@id\":\"http:\/\/www.locusgis.com\/privacy-policy\/#breadcrumb\"},\"inLanguage\":\"de\",\"potentialAction\":[{\"@type\":\"ReadAction\",\"target\":[\"http:\/\/www.locusgis.com\/privacy-policy\/\"]}]},{\"@type\":\"BreadcrumbList\",\"@id\":\"http:\/\/www.locusgis.com\/privacy-policy\/#breadcrumb\",\"itemListElement\":[{\"@type\":\"ListItem\",\"position\":1,\"name\":\"Home\",\"item\":\"http:\/\/www.locusgis.com\/\"},{\"@type\":\"ListItem\",\"position\":2,\"name\":\"Privacy Policy\"}]},{\"@type\":\"WebSite\",\"@id\":\"http:\/\/www.locusgis.com\/#website\",\"url\":\"http:\/\/www.locusgis.com\/\",\"name\":\"Locus GIS\",\"description\":\"Online and offline maps\",\"publisher\":{\"@id\":\"http:\/\/www.locusgis.com\/#organization\"},\"potentialAction\":[{\"@type\":\"SearchAction\",\"target\":{\"@type\":\"EntryPoint\",\"urlTemplate\":\"http:\/\/www.locusgis.com\/?s={search_term_string}\"},\"query-input\":\"required name=search_term_string\"}],\"inLanguage\":\"de\"},{\"@type\":\"Organization\",\"@id\":\"http:\/\/www.locusgis.com\/#organization\",\"name\":\"Asamm Software\",\"url\":\"http:\/\/www.locusgis.com\/\",\"sameAs\":[\"https:\/\/www.linkedin.com\/company\/asamm-software-s-r-o-\",\"https:\/\/www.facebook.com\/locusgis\",\"https:\/\/twitter.com\/locusgis\"],\"logo\":{\"@type\":\"ImageObject\",\"inLanguage\":\"de\",\"@id\":\"http:\/\/www.locusgis.com\/#\/schema\/logo\/image\/\",\"url\":\"https:\/\/www.locusgis.com\/wp-content\/uploads\/logo_wide_800.png\",\"contentUrl\":\"https:\/\/www.locusgis.com\/wp-content\/uploads\/logo_wide_800.png\",\"width\":800,\"height\":175,\"caption\":\"Asamm Software\"},\"image\":{\"@id\":\"http:\/\/www.locusgis.com\/#\/schema\/logo\/image\/\"}}]}<\/script>\n<!-- \/ Yoast SEO plugin. -->","yoast_head_json":{"title":"Privacy Policy Grunds\u00e4tze der Verarbeitung personenbezogener DatenZ\u00e1sady zpracov\u00e1n\u00ed osobn\u00edch \u00fadaj\u016f - Locus GIS","robots":{"index":"index","follow":"follow","max-snippet":"max-snippet:-1","max-image-preview":"max-image-preview:large","max-video-preview":"max-video-preview:-1"},"canonical":"http:\/\/www.locusgis.com\/privacy-policy\/","og_locale":"de_DE","og_type":"article","og_title":"Privacy Policy Grunds\u00e4tze der Verarbeitung personenbezogener DatenZ\u00e1sady zpracov\u00e1n\u00ed osobn\u00edch \u00fadaj\u016f - Locus GIS","og_description":"Diese Grunds\u00e4tze der Verarbeitung personenbezogener Daten beschreiben in Einklang mit der Verordnung (EU) 2016\/679 des Europ\u00e4ischen [&hellip;]","og_url":"http:\/\/www.locusgis.com\/privacy-policy\/","og_site_name":"Locus GIS","article_publisher":"https:\/\/www.facebook.com\/locusgis","article_modified_time":"2023-11-28T16:33:37+00:00","twitter_card":"summary","twitter_site":"@locusgis","twitter_misc":{"Gesch\u00e4tzte Lesezeit":"19\u00a0Minuten"},"schema":{"@context":"https:\/\/schema.org","@graph":[{"@type":"WebPage","@id":"http:\/\/www.locusgis.com\/privacy-policy\/","url":"http:\/\/www.locusgis.com\/privacy-policy\/","name":"Privacy Policy Grunds\u00e4tze der Verarbeitung personenbezogener DatenZ\u00e1sady zpracov\u00e1n\u00ed osobn\u00edch \u00fadaj\u016f - Locus GIS","isPartOf":{"@id":"http:\/\/www.locusgis.com\/#website"},"datePublished":"2021-03-19T10:56:30+00:00","dateModified":"2023-11-28T16:33:37+00:00","breadcrumb":{"@id":"http:\/\/www.locusgis.com\/privacy-policy\/#breadcrumb"},"inLanguage":"de","potentialAction":[{"@type":"ReadAction","target":["http:\/\/www.locusgis.com\/privacy-policy\/"]}]},{"@type":"BreadcrumbList","@id":"http:\/\/www.locusgis.com\/privacy-policy\/#breadcrumb","itemListElement":[{"@type":"ListItem","position":1,"name":"Home","item":"http:\/\/www.locusgis.com\/"},{"@type":"ListItem","position":2,"name":"Privacy Policy"}]},{"@type":"WebSite","@id":"http:\/\/www.locusgis.com\/#website","url":"http:\/\/www.locusgis.com\/","name":"Locus GIS","description":"Online and offline maps","publisher":{"@id":"http:\/\/www.locusgis.com\/#organization"},"potentialAction":[{"@type":"SearchAction","target":{"@type":"EntryPoint","urlTemplate":"http:\/\/www.locusgis.com\/?s={search_term_string}"},"query-input":"required name=search_term_string"}],"inLanguage":"de"},{"@type":"Organization","@id":"http:\/\/www.locusgis.com\/#organization","name":"Asamm Software","url":"http:\/\/www.locusgis.com\/","sameAs":["https:\/\/www.linkedin.com\/company\/asamm-software-s-r-o-","https:\/\/www.facebook.com\/locusgis","https:\/\/twitter.com\/locusgis"],"logo":{"@type":"ImageObject","inLanguage":"de","@id":"http:\/\/www.locusgis.com\/#\/schema\/logo\/image\/","url":"https:\/\/www.locusgis.com\/wp-content\/uploads\/logo_wide_800.png","contentUrl":"https:\/\/www.locusgis.com\/wp-content\/uploads\/logo_wide_800.png","width":800,"height":175,"caption":"Asamm Software"},"image":{"@id":"http:\/\/www.locusgis.com\/#\/schema\/logo\/image\/"}}]}},"_links":{"self":[{"href":"https:\/\/www.locusgis.com\/de\/wp-json\/wp\/v2\/pages\/10901"}],"collection":[{"href":"https:\/\/www.locusgis.com\/de\/wp-json\/wp\/v2\/pages"}],"about":[{"href":"https:\/\/www.locusgis.com\/de\/wp-json\/wp\/v2\/types\/page"}],"author":[{"embeddable":true,"href":"https:\/\/www.locusgis.com\/de\/wp-json\/wp\/v2\/users\/2"}],"replies":[{"embeddable":true,"href":"https:\/\/www.locusgis.com\/de\/wp-json\/wp\/v2\/comments?post=10901"}],"version-history":[{"count":47,"href":"https:\/\/www.locusgis.com\/de\/wp-json\/wp\/v2\/pages\/10901\/revisions"}],"predecessor-version":[{"id":11007,"href":"https:\/\/www.locusgis.com\/de\/wp-json\/wp\/v2\/pages\/10901\/revisions\/11007"}],"wp:attachment":[{"href":"https:\/\/www.locusgis.com\/de\/wp-json\/wp\/v2\/media?parent=10901"}],"curies":[{"name":"wp","href":"https:\/\/api.w.org\/{rel}","templated":true}]}}