{"id":10922,"date":"2021-04-01T09:01:39","date_gmt":"2021-04-01T08:01:39","guid":{"rendered":"http:\/\/www.locusgis.com\/?page_id=10922"},"modified":"2021-04-28T15:03:04","modified_gmt":"2021-04-28T14:03:04","slug":"kimaps-privacy-policy","status":"publish","type":"page","link":"https:\/\/www.locusgis.com\/de\/kimaps-grundsatze-der-verarbeitung-personenbezogener-daten\/","title":{"rendered":"KiMaps &#8211; Grunds\u00e4tze der Verarbeitung personenbezogener Daten"},"content":{"rendered":"<p><\/p>\n<p><p><strong>Grunds\u00e4tze der Verarbeitung personenbezogener Daten<\/strong><\/p>\n<p>Diese Grunds\u00e4tze der Verarbeitung personenbezogener Daten beschreiben in Einklang mit der Verordnung (EU) 2016\/679 des Europ\u00e4ischen Parlaments und des Rates (im Folgenden nur \u201e<strong>DSGVO<\/strong>\u201c) alle relevanten Informationen \u00fcber die Verarbeitung der personenbezogenen Daten von Ihnen als der betroffenen Person in der Applikation Locus GIS und in den in Zusammenhang stehenden Diensten, einschlie\u00dflich der Web-Plattform (gemeinsam im Folgenden nur \u201e<strong>Applikation<\/strong>\u201c).<\/p>\n<h4><strong>Wer ist f\u00fcr die Verarbeitung Ihrer Daten verantwortlich?<\/strong><\/h4>\n<p>Der Verantwortliche f\u00fcr die personenbezogenen Daten ist die Gesellschaft Asamm Software, s.r.o., Identifikationsnummer: 24225321, mit Sitz Krhanick\u00e1 719\/25, Kam\u00fdk, 142 00 Praha 4, Tschechien (im Folgenden nur \u201e<strong>Verantwortliche<\/strong>\u201c oder \u201e<strong>wir<\/strong>\u201c).<\/p>\n<h4><strong>F<\/strong><strong>\u00fcr<\/strong><strong> welche Zwecke verarbeiten wir Ihre personenbezogenen Daten?<\/strong><\/h4>\n<p>Die Verarbeitung personenbezogener Daten dient dazu, Ihnen die Nutzung der Applikation und in Zusammenhang stehender Dienste zu erm\u00f6glichen und die Funktionen der Applikation zu warten und zu verbessern, weiter sie auch f\u00fcr die Kommunikation mit Ihnen als dem Kunden des Verantwortlichen zu gebrauchen.<\/p>\n<p>Diese Daten sind f\u00fcr die Schaffung Ihres Benutzerkontos notwendig, \u00fcber das Ihnen die Nutzung einiger Funktionen der Applikation erm\u00f6glicht wird.<\/p>\n<h4><strong>Welche personenbezogenen Daten verarbeiten wir?<\/strong><\/h4>\n<p>Wenn Sie die Applikation benutzen, sammeln und verarbeiten wir einige oder alle folgenden Daten, die Sie in der Registrierung anf\u00fchren und die im Verlauf Ihrer Nutzung der Applikation entstehen oder die Sie selbst in die Applikation eingeben.<\/p>\n<p>Die f\u00fcr die Registrierung \u00fcber die Applikation in Ihr Benutzerkonto notwendigen Pflichtangaben sind <u>Vor- und Zuname und E-Mail-Adresse<\/u>. Gleiches gilt auch im Fall der Registrierung in die Applikation \u00fcber Dienste dritter Seiten und soziale Netzwerke, zum Beispiel Facebook.<\/p>\n<p>Die Applikation hat den Charakter von Karten- und Navigationssoftware, weswegen sie f\u00fcr die Bestimmung Ihres Standorts <u>Lokalisationsdaten<\/u> von Ihrem Mobilger\u00e4t benutzt.<\/p>\n<p>Wenn Sie die entsprechenden Funktionen der Applikation nutzen, sammeln wir Daten \u00fcber <u>die Form der Nutzung der Applikation, Lokalisationsdaten und den Suchverlauf<\/u>, bei einer Verwendung der Web-Plattform der Applikation auch die <u>IP-Adresse<\/u>, die f\u00fcr die Kommunikation mit Ihrem Ger\u00e4t notwendig ist.<\/p>\n<p>Freiwillige Angaben, die Sie bei der Registrierung machen, sind <u>ein Profilfoto und die Bezeichnung Ihres Endger\u00e4ts<\/u>. Bei einer Nutzung der entsprechenden Funktionen k\u00f6nnen Sie in die Applikation auch multimediale Inhalte etwa mit Ihrem Foto an einem bestimmten Ort einspielen.<\/p>\n<p>Die Applikation nutzt die analytische Software Firebase Analytics der Gesellschaft Google, die gewisse Informationen \u00fcber das Ger\u00e4t und die Form der Nutzung der Applikation durch den Benutzer auswertet. Diese Informationen werden ausschlie\u00dflich f\u00fcr analytische Zwecke verwendet.<\/p>\n<p>Wenn Sie die Web-Plattform der Applikation verwenden, speichern wir in Ihrem Ger\u00e4t sogenannte Cookies, die technische Informationen enthalten, die f\u00fcr die Kommunikation und die Anmeldung in Ihr Benutzerkonto notwendig sind oder gegebenenfalls analytische Daten enthalten.<\/p>\n<h4><strong>Was ist die Rechtsgrundlage f\u00fcr die Verarbeitung Ihrer Daten?<\/strong><\/h4>\n<p>Die Verarbeitung einiger Ihrer personenbezogenen Daten ist f\u00fcr die Erf\u00fcllung des Lizenzvertrags notwendig, den Sie mit uns geschlossen haben (im Folgenden nur \u201e<strong>Vertrag<\/strong>\u201c), insbesondere daf\u00fcr, dass Sie die entsprechenden Funktionen der Applikation nutzen k\u00f6nnen. Eine solche Verarbeitung steht in Einklang mit Artikel 6 Abs. 1 Buchst. b) DSGVO.<\/p>\n<p>Den Teil Ihrer personenbezogenen Daten, der analytische Daten betrifft, verarbeiten wir gem\u00e4\u00df Artikel 6 Abs. 1 Buchst. f) DSGVO, also auf der Grundlage der berechtigten Interessen des Verantwortlichen, die Applikation zu verbessern und zu warten, oder f\u00fcr einen eventuellen Schutz der Eigentumsrechte nach Erf\u00fcllung des Vertrags und f\u00fcr eine Monetarisierung der Applikation durch Reklame.<\/p>\n<p>Auf der Grundlage der oben angef\u00fchrten berechtigten Interessen des Verantwortlichen wird Ihnen der Verantwortliche gelegentlich sog. Newsletter zuschicken, in denen er Sie \u00fcber Neuheiten in der Applikation informiert.<\/p>\n<h4>Wie lange bewahren wir personenbezogene Daten auf?<\/h4>\n<p>Daten, die f\u00fcr die Erf\u00fcllung des Vertrags notwendig sind, werden nur w\u00e4hrend der Dauer des Vertrags verarbeitet, sofern im Folgenden nichts anderes bestimmt wird. Die grundlegenden Identifikationsdaten werden weiter noch drei Jahre nach Beendigung des Vertrags verarbeitet, was der Verj\u00e4hrungsfrist von Eigentumsrechten aus dem Vertrag entspricht.<\/p>\n<p>Den freiwilligen Teil der Daten k\u00f6nnen Sie jederzeit \u00e4ndern, zum Beispiel durch L\u00f6schen des eingegebenen Fotos aus der Applikation. In solch einem Fall beendet der Verantwortliche die Verarbeitung dieser Daten sp\u00e4testens im Augenblick des Erl\u00f6schens der regelm\u00e4\u00dfig gespeicherten Daten.<\/p>\n<p>Jegliche f\u00fcr die Zwecke der Analytik verarbeiteten personenbezogenen Daten werden nur bis zur Schaffung der statistischen Daten gespeichert, anschlie\u00dfend werden sie automatisch beseitigt. Der Verantwortliche analysiert dann nur die akkumulierten anonymisierten Daten.<\/p>\n<p>Cookies werden f\u00fcr eine Zeit von 30 Tagen ab der Speicherung auf Ihrem Ger\u00e4t aufbewahrt.<\/p>\n<p>Die weiteren oben angef\u00fchrten Daten verarbeiten wir nur bis zur L\u00f6schung Ihres Benutzerkontos.<\/p>\n<h4><strong>Wem \u00fcbergeben wir Ihre Daten?<\/strong><\/h4>\n<p>Wenn der Verantwortliche personenbezogene Daten dritten Personen \u00fcbergibt, so geschieht dies zu einem der oben angef\u00fchrten Zwecke, typischer Weise an einen Auftragsverarbeiter personenbezogener Daten oder andere Verantwortliche. Der Verantwortliche nutzt f\u00fcr die weitere Verarbeitung Ihrer personenbezogenen Daten die Dienste dritter Seiten auch au\u00dferhalb der Europ\u00e4ischen Union, zum Beispiel der Gesellschaften Host Europe GmbH, DigitalOcean Inc., Google Inc. und Google Ireland Limited, die Dienste gew\u00e4hren, die f\u00fcr den Betrieb der Applikation, Server-Hosting, gegebenenfalls analytische Dienste n\u00f6tig sind. Nur f\u00fcr diesen Zweck werden ihnen die n\u00f6tigen personenbezogenen Daten \u00fcbergeben.<\/p>\n<p>Die \u00dcbergabe der Daten erfolgt auf der Grundlage Ihres Einverst\u00e4ndnisses und Ihrer Anweisung, die Sie uns unter Verwendung der entsprechenden Funktion der Teilung ausgew\u00e4hlter Daten mit dritten Seiten erteilen. Hier\u00fcber werden Sie in der Applikation deutlich informiert. Der Verantwortliche tr\u00e4gt keine Verantwortung f\u00fcr die Verarbeitung durch den von Ihnen gew\u00e4hlten Empf\u00e4nger dieser Daten. Wegen des Fehlens eines Beschlusses \u00fcber einen angemessenen Schutz und geeignete Garantien im Sinne der DSGVO ist eine solche \u00dcbergabe risikobelastet und muss keinen ausreichenden Schutz f\u00fcr Ihre personenbezogenen Daten bieten. Wenn Sie einen Export Ihrer Daten an einen Empf\u00e4nger aus einem dritten Land au\u00dferhalb des Europ\u00e4ischen Wirtschaftsraums w\u00e4hlen, wird von Ihnen vor der \u00dcbergabe ein ausdr\u00fcckliches Einverst\u00e4ndnis gefordert.<\/p>\n<h4>Welche Rechte haben Sie?<\/h4>\n<p>Gem\u00e4\u00df DSGVO haben Sie die folgenden Rechte:<\/p>\n<ul>\n<li>vom Verantwortlichen Zugang zu den personenbezogenen Daten gem\u00e4\u00df Artikel 15 DSGVO zu fordern<\/li>\n<li>Berichtigung der personenbezogenen Daten gem\u00e4\u00df Artikel 16 DSGVO<\/li>\n<li>L\u00f6schung rechtswidrig verarbeiteter personenbezogener Daten gem\u00e4\u00df Artikel 17 DSGVO<\/li>\n<li>Einschr\u00e4nkung der Verarbeitung der personenbezogenen Daten unter den in Artikel 18 DSGVO angef\u00fchrten Bedingungen<\/li>\n<li>Recht auf \u00dcbertragbarkeit der personenbezogenen Daten gem\u00e4\u00df Artikel 20 DSGVO<\/li>\n<li>Widerspruchsrecht gegen die Verarbeitung der personenbezogenen Daten gem\u00e4\u00df Artikel 21 DSGVO<\/li>\n<\/ul>\n<p>&nbsp;<\/p>\n<p>Der Verantwortliche informiert Sie hiermit, dass es keine automatisierte Entscheidungsfindung auf der Grundlage der oben angef\u00fchrten personenbezogenen Daten im Sinne der DSGVO geben wird.<\/p>\n<p>Sie haben ebenfalls das Recht, jederzeit Einspruch gegen die Verarbeitung der personenbezogenen Daten, einschlie\u00dflich eines eventuellen Profiling, aus Gr\u00fcnden zu erheben, die Ihre konkrete Situation betreffen. Das jederzeitige Einspruchsrecht aus Gr\u00fcnden, die Ihre konkrete Situation betreffen, besitzen Sie auch im Falle der Verarbeitung der personenbezogenen Daten f\u00fcr Zwecke des Direktmarketings, einschlie\u00dflich eines eventuellen hiermit zusammenh\u00e4ngenden Profiling.<\/p>\n<p>Wenn die Verarbeitung Ihrer personenbezogenen Daten eine Bestimmung der DSGVO verletzt, k\u00f6nnen Sie sich an den Verantwortliche wenden, damit dieser die Sache berichtigt. Weiter haben Sie die M\u00f6glichkeit, sich an das Kontrollorgan zu wenden, n\u00e4mlich an das Amt zum Schutz personenbezogener Daten, mit Sitz Pplk. Sochora 27, 170 00 Praha 7.<\/p>\n<p>Der Verantwortliche kann diese Grunds\u00e4tze im Bedarfsfall aktualisieren. Beachten Sie bitte die aktuelle Version, die Sie immer <a href=\"http:\/\/www.locusgis.com\/kimaps-privacy-policy\"><u>HIER<\/u> <\/a>finden. \u00dcber die Aktualisierung dieser Grunds\u00e4tze werden wir Sie durch Zusendung einer Nachricht an die E-Mail-Adresse informieren, die Sie bei der Registrierung Ihres Benutzerkontos in der Applikation oder durch Mitteilungen im Rahmen der Applikation angegeben haben.<\/p>\n<\/p>\n<p><\/p>","protected":false},"excerpt":{"rendered":"<p>Grunds\u00e4tze der Verarbeitung personenbezogener Daten Diese Grunds\u00e4tze der Verarbeitung personenbezogener Daten beschreiben in Einklang mit der [&hellip;]<\/p>\n","protected":false},"author":2,"featured_media":0,"parent":0,"menu_order":0,"comment_status":"open","ping_status":"open","template":"text-page.php","meta":[],"yoast_head":"<!-- This site is optimized with the Yoast SEO plugin v19.6.1 - https:\/\/yoast.com\/wordpress\/plugins\/seo\/ -->\n<title>KiMaps - Privacy Policy KiMaps - Grunds\u00e4tze der Verarbeitung personenbezogener DatenKiMaps - Z\u00e1sady zpracov\u00e1n\u00ed osobn\u00edch \u00fadaj\u016f - Locus GIS<\/title>\n<meta name=\"robots\" content=\"index, follow, max-snippet:-1, max-image-preview:large, max-video-preview:-1\" \/>\n<link rel=\"canonical\" href=\"https:\/\/www.locusgis.com\/kimaps-privacy-policy\/\" \/>\n<meta property=\"og:locale\" content=\"de_DE\" \/>\n<meta property=\"og:type\" content=\"article\" \/>\n<meta property=\"og:title\" content=\"KiMaps - Privacy Policy KiMaps - Grunds\u00e4tze der Verarbeitung personenbezogener DatenKiMaps - Z\u00e1sady zpracov\u00e1n\u00ed osobn\u00edch \u00fadaj\u016f - Locus GIS\" \/>\n<meta property=\"og:description\" content=\"Grunds\u00e4tze der Verarbeitung personenbezogener Daten Diese Grunds\u00e4tze der Verarbeitung personenbezogener Daten beschreiben in Einklang mit der [&hellip;]\" \/>\n<meta property=\"og:url\" content=\"https:\/\/www.locusgis.com\/kimaps-privacy-policy\/\" \/>\n<meta property=\"og:site_name\" content=\"Locus GIS\" \/>\n<meta property=\"article:publisher\" content=\"https:\/\/www.facebook.com\/locusgis\" \/>\n<meta property=\"article:modified_time\" content=\"2021-04-28T14:03:04+00:00\" \/>\n<meta name=\"twitter:card\" content=\"summary\" \/>\n<meta name=\"twitter:site\" content=\"@locusgis\" \/>\n<meta name=\"twitter:label1\" content=\"Gesch\u00e4tzte Lesezeit\" \/>\n\t<meta name=\"twitter:data1\" content=\"21\u00a0Minuten\" \/>\n<script type=\"application\/ld+json\" class=\"yoast-schema-graph\">{\"@context\":\"https:\/\/schema.org\",\"@graph\":[{\"@type\":\"WebPage\",\"@id\":\"https:\/\/www.locusgis.com\/kimaps-privacy-policy\/\",\"url\":\"https:\/\/www.locusgis.com\/kimaps-privacy-policy\/\",\"name\":\"KiMaps - Privacy Policy KiMaps - Grunds\u00e4tze der Verarbeitung personenbezogener DatenKiMaps - Z\u00e1sady zpracov\u00e1n\u00ed osobn\u00edch \u00fadaj\u016f - Locus GIS\",\"isPartOf\":{\"@id\":\"http:\/\/www.locusgis.com\/#website\"},\"datePublished\":\"2021-04-01T08:01:39+00:00\",\"dateModified\":\"2021-04-28T14:03:04+00:00\",\"breadcrumb\":{\"@id\":\"https:\/\/www.locusgis.com\/kimaps-privacy-policy\/#breadcrumb\"},\"inLanguage\":\"de\",\"potentialAction\":[{\"@type\":\"ReadAction\",\"target\":[\"https:\/\/www.locusgis.com\/kimaps-privacy-policy\/\"]}]},{\"@type\":\"BreadcrumbList\",\"@id\":\"https:\/\/www.locusgis.com\/kimaps-privacy-policy\/#breadcrumb\",\"itemListElement\":[{\"@type\":\"ListItem\",\"position\":1,\"name\":\"Home\",\"item\":\"http:\/\/www.locusgis.com\/\"},{\"@type\":\"ListItem\",\"position\":2,\"name\":\"KiMaps &#8211; Privacy Policy\"}]},{\"@type\":\"WebSite\",\"@id\":\"http:\/\/www.locusgis.com\/#website\",\"url\":\"http:\/\/www.locusgis.com\/\",\"name\":\"Locus GIS\",\"description\":\"Online and offline maps\",\"publisher\":{\"@id\":\"http:\/\/www.locusgis.com\/#organization\"},\"potentialAction\":[{\"@type\":\"SearchAction\",\"target\":{\"@type\":\"EntryPoint\",\"urlTemplate\":\"http:\/\/www.locusgis.com\/?s={search_term_string}\"},\"query-input\":\"required name=search_term_string\"}],\"inLanguage\":\"de\"},{\"@type\":\"Organization\",\"@id\":\"http:\/\/www.locusgis.com\/#organization\",\"name\":\"Asamm Software\",\"url\":\"http:\/\/www.locusgis.com\/\",\"sameAs\":[\"https:\/\/www.linkedin.com\/company\/asamm-software-s-r-o-\",\"https:\/\/www.facebook.com\/locusgis\",\"https:\/\/twitter.com\/locusgis\"],\"logo\":{\"@type\":\"ImageObject\",\"inLanguage\":\"de\",\"@id\":\"http:\/\/www.locusgis.com\/#\/schema\/logo\/image\/\",\"url\":\"https:\/\/www.locusgis.com\/wp-content\/uploads\/logo_wide_800.png\",\"contentUrl\":\"https:\/\/www.locusgis.com\/wp-content\/uploads\/logo_wide_800.png\",\"width\":800,\"height\":175,\"caption\":\"Asamm Software\"},\"image\":{\"@id\":\"http:\/\/www.locusgis.com\/#\/schema\/logo\/image\/\"}}]}<\/script>\n<!-- \/ Yoast SEO plugin. -->","yoast_head_json":{"title":"KiMaps - Privacy Policy KiMaps - Grunds\u00e4tze der Verarbeitung personenbezogener DatenKiMaps - Z\u00e1sady zpracov\u00e1n\u00ed osobn\u00edch \u00fadaj\u016f - Locus GIS","robots":{"index":"index","follow":"follow","max-snippet":"max-snippet:-1","max-image-preview":"max-image-preview:large","max-video-preview":"max-video-preview:-1"},"canonical":"https:\/\/www.locusgis.com\/kimaps-privacy-policy\/","og_locale":"de_DE","og_type":"article","og_title":"KiMaps - Privacy Policy KiMaps - Grunds\u00e4tze der Verarbeitung personenbezogener DatenKiMaps - Z\u00e1sady zpracov\u00e1n\u00ed osobn\u00edch \u00fadaj\u016f - Locus GIS","og_description":"Grunds\u00e4tze der Verarbeitung personenbezogener Daten Diese Grunds\u00e4tze der Verarbeitung personenbezogener Daten beschreiben in Einklang mit der [&hellip;]","og_url":"https:\/\/www.locusgis.com\/kimaps-privacy-policy\/","og_site_name":"Locus GIS","article_publisher":"https:\/\/www.facebook.com\/locusgis","article_modified_time":"2021-04-28T14:03:04+00:00","twitter_card":"summary","twitter_site":"@locusgis","twitter_misc":{"Gesch\u00e4tzte Lesezeit":"21\u00a0Minuten"},"schema":{"@context":"https:\/\/schema.org","@graph":[{"@type":"WebPage","@id":"https:\/\/www.locusgis.com\/kimaps-privacy-policy\/","url":"https:\/\/www.locusgis.com\/kimaps-privacy-policy\/","name":"KiMaps - Privacy Policy KiMaps - Grunds\u00e4tze der Verarbeitung personenbezogener DatenKiMaps - Z\u00e1sady zpracov\u00e1n\u00ed osobn\u00edch \u00fadaj\u016f - Locus GIS","isPartOf":{"@id":"http:\/\/www.locusgis.com\/#website"},"datePublished":"2021-04-01T08:01:39+00:00","dateModified":"2021-04-28T14:03:04+00:00","breadcrumb":{"@id":"https:\/\/www.locusgis.com\/kimaps-privacy-policy\/#breadcrumb"},"inLanguage":"de","potentialAction":[{"@type":"ReadAction","target":["https:\/\/www.locusgis.com\/kimaps-privacy-policy\/"]}]},{"@type":"BreadcrumbList","@id":"https:\/\/www.locusgis.com\/kimaps-privacy-policy\/#breadcrumb","itemListElement":[{"@type":"ListItem","position":1,"name":"Home","item":"http:\/\/www.locusgis.com\/"},{"@type":"ListItem","position":2,"name":"KiMaps &#8211; Privacy Policy"}]},{"@type":"WebSite","@id":"http:\/\/www.locusgis.com\/#website","url":"http:\/\/www.locusgis.com\/","name":"Locus GIS","description":"Online and offline maps","publisher":{"@id":"http:\/\/www.locusgis.com\/#organization"},"potentialAction":[{"@type":"SearchAction","target":{"@type":"EntryPoint","urlTemplate":"http:\/\/www.locusgis.com\/?s={search_term_string}"},"query-input":"required name=search_term_string"}],"inLanguage":"de"},{"@type":"Organization","@id":"http:\/\/www.locusgis.com\/#organization","name":"Asamm Software","url":"http:\/\/www.locusgis.com\/","sameAs":["https:\/\/www.linkedin.com\/company\/asamm-software-s-r-o-","https:\/\/www.facebook.com\/locusgis","https:\/\/twitter.com\/locusgis"],"logo":{"@type":"ImageObject","inLanguage":"de","@id":"http:\/\/www.locusgis.com\/#\/schema\/logo\/image\/","url":"https:\/\/www.locusgis.com\/wp-content\/uploads\/logo_wide_800.png","contentUrl":"https:\/\/www.locusgis.com\/wp-content\/uploads\/logo_wide_800.png","width":800,"height":175,"caption":"Asamm Software"},"image":{"@id":"http:\/\/www.locusgis.com\/#\/schema\/logo\/image\/"}}]}},"_links":{"self":[{"href":"https:\/\/www.locusgis.com\/de\/wp-json\/wp\/v2\/pages\/10922"}],"collection":[{"href":"https:\/\/www.locusgis.com\/de\/wp-json\/wp\/v2\/pages"}],"about":[{"href":"https:\/\/www.locusgis.com\/de\/wp-json\/wp\/v2\/types\/page"}],"author":[{"embeddable":true,"href":"https:\/\/www.locusgis.com\/de\/wp-json\/wp\/v2\/users\/2"}],"replies":[{"embeddable":true,"href":"https:\/\/www.locusgis.com\/de\/wp-json\/wp\/v2\/comments?post=10922"}],"version-history":[{"count":12,"href":"https:\/\/www.locusgis.com\/de\/wp-json\/wp\/v2\/pages\/10922\/revisions"}],"predecessor-version":[{"id":10924,"href":"https:\/\/www.locusgis.com\/de\/wp-json\/wp\/v2\/pages\/10922\/revisions\/10924"}],"wp:attachment":[{"href":"https:\/\/www.locusgis.com\/de\/wp-json\/wp\/v2\/media?parent=10922"}],"curies":[{"name":"wp","href":"https:\/\/api.w.org\/{rel}","templated":true}]}}